{"id":532,"date":"2020-05-20T08:29:27","date_gmt":"2020-05-20T08:29:27","guid":{"rendered":"http:\/\/avinom.nl\/over-ons\/"},"modified":"2025-04-23T16:26:21","modified_gmt":"2025-04-23T14:26:21","slug":"ueber-uns","status":"publish","type":"page","link":"https:\/\/www.avinom.nl\/de\/ueber-uns\/","title":{"rendered":"\u00dcber uns"},"content":{"rendered":"<h1>\u00dcber uns<\/h1>\n<p>Avinom ist seit 1967 f\u00fchrend im Bereich M\u00f6belbeschl\u00e4ge und Befestigungsmaterialien. Wir unterst\u00fctzen und inspirieren M\u00f6belhersteller weltweit, die nach den besten L\u00f6sungen f\u00fcr ihr Endprodukt suchen. Neben einem breiten Katalogsortiment entwickelt Avinom innovative L\u00f6sungen, die vollst\u00e4ndig auf die W\u00fcnsche des Kunden zugeschnitten sind. Ihr Wunsch ist unsere Inspiration.<\/p>\n","protected":false},"excerpt":{"rendered":"<p>\u00dcber uns Avinom ist seit 1967 f\u00fchrend im Bereich M\u00f6belbeschl\u00e4ge und Befestigungsmaterialien. Wir unterst\u00fctzen und inspirieren M\u00f6belhersteller weltweit, die nach den besten L\u00f6sungen f\u00fcr ihr Endprodukt suchen. Neben einem breiten Katalogsortiment entwickelt Avinom innovative L\u00f6sungen, die vollst\u00e4ndig auf die W\u00fcnsche des Kunden zugeschnitten sind. Ihr Wunsch ist unsere Inspiration.<\/p>\n","protected":false},"author":1,"featured_media":0,"parent":0,"menu_order":0,"comment_status":"closed","ping_status":"closed","template":"template-over-ons.php","meta":{"_acf_changed":false,"footnotes":""},"class_list":["post-532","page","type-page","status-publish","hentry"],"acf":[],"yoast_head":"<!-- This site is optimized with the Yoast SEO plugin v27.2 - https:\/\/yoast.com\/product\/yoast-seo-wordpress\/ -->\n<title>\u00dcber uns - Avinom<\/title>\n<meta name=\"robots\" content=\"index, follow, max-snippet:-1, max-image-preview:large, max-video-preview:-1\" \/>\n<link rel=\"canonical\" href=\"https:\/\/www.avinom.nl\/de\/ueber-uns\/\" \/>\n<meta property=\"og:locale\" content=\"de_DE\" \/>\n<meta property=\"og:type\" content=\"article\" \/>\n<meta property=\"og:title\" content=\"\u00dcber uns - Avinom\" \/>\n<meta property=\"og:description\" content=\"\u00dcber uns Avinom ist seit 1967 f\u00fchrend im Bereich M\u00f6belbeschl\u00e4ge und Befestigungsmaterialien. Wir unterst\u00fctzen und inspirieren M\u00f6belhersteller weltweit, die nach den besten L\u00f6sungen f\u00fcr ihr Endprodukt suchen. Neben einem breiten Katalogsortiment entwickelt Avinom innovative L\u00f6sungen, die vollst\u00e4ndig auf die W\u00fcnsche des Kunden zugeschnitten sind. Ihr Wunsch ist unsere Inspiration.\" \/>\n<meta property=\"og:url\" content=\"https:\/\/www.avinom.nl\/de\/ueber-uns\/\" \/>\n<meta property=\"og:site_name\" content=\"Avinom\" \/>\n<meta property=\"article:modified_time\" content=\"2025-04-23T14:26:21+00:00\" \/>\n<meta name=\"twitter:card\" content=\"summary_large_image\" \/>\n<meta name=\"twitter:label1\" content=\"Gesch\u00e4tzte Lesezeit\" \/>\n\t<meta name=\"twitter:data1\" content=\"7\u00a0Minuten\" \/>\n<script type=\"application\/ld+json\" class=\"yoast-schema-graph\">{\"@context\":\"https:\/\/schema.org\",\"@graph\":[{\"@type\":\"WebPage\",\"@id\":\"https:\/\/www.avinom.nl\/de\/ueber-uns\/\",\"url\":\"https:\/\/www.avinom.nl\/de\/ueber-uns\/\",\"name\":\"\u00dcber uns - Avinom\",\"isPartOf\":{\"@id\":\"https:\/\/www.avinom.nl\/de\/#website\"},\"datePublished\":\"2020-05-20T08:29:27+00:00\",\"dateModified\":\"2025-04-23T14:26:21+00:00\",\"breadcrumb\":{\"@id\":\"https:\/\/www.avinom.nl\/de\/ueber-uns\/#breadcrumb\"},\"inLanguage\":\"de\",\"potentialAction\":[{\"@type\":\"ReadAction\",\"target\":[\"https:\/\/www.avinom.nl\/de\/ueber-uns\/\"]}]},{\"@type\":\"BreadcrumbList\",\"@id\":\"https:\/\/www.avinom.nl\/de\/ueber-uns\/#breadcrumb\",\"itemListElement\":[{\"@type\":\"ListItem\",\"position\":1,\"name\":\"Home\",\"item\":\"https:\/\/www.avinom.nl\/de\/\"},{\"@type\":\"ListItem\",\"position\":2,\"name\":\"\u00dcber uns\"}]},{\"@type\":\"WebSite\",\"@id\":\"https:\/\/www.avinom.nl\/de\/#website\",\"url\":\"https:\/\/www.avinom.nl\/de\/\",\"name\":\"Avinom\",\"description\":\"\",\"potentialAction\":[{\"@type\":\"SearchAction\",\"target\":{\"@type\":\"EntryPoint\",\"urlTemplate\":\"https:\/\/www.avinom.nl\/de\/?s={search_term_string}\"},\"query-input\":{\"@type\":\"PropertyValueSpecification\",\"valueRequired\":true,\"valueName\":\"search_term_string\"}}],\"inLanguage\":\"de\"}]}<\/script>\n<!-- \/ Yoast SEO plugin. -->","yoast_head_json":{"title":"\u00dcber uns - Avinom","robots":{"index":"index","follow":"follow","max-snippet":"max-snippet:-1","max-image-preview":"max-image-preview:large","max-video-preview":"max-video-preview:-1"},"canonical":"https:\/\/www.avinom.nl\/de\/ueber-uns\/","og_locale":"de_DE","og_type":"article","og_title":"\u00dcber uns - Avinom","og_description":"\u00dcber uns Avinom ist seit 1967 f\u00fchrend im Bereich M\u00f6belbeschl\u00e4ge und Befestigungsmaterialien. Wir unterst\u00fctzen und inspirieren M\u00f6belhersteller weltweit, die nach den besten L\u00f6sungen f\u00fcr ihr Endprodukt suchen. Neben einem breiten Katalogsortiment entwickelt Avinom innovative L\u00f6sungen, die vollst\u00e4ndig auf die W\u00fcnsche des Kunden zugeschnitten sind. Ihr Wunsch ist unsere Inspiration.","og_url":"https:\/\/www.avinom.nl\/de\/ueber-uns\/","og_site_name":"Avinom","article_modified_time":"2025-04-23T14:26:21+00:00","twitter_card":"summary_large_image","twitter_misc":{"Gesch\u00e4tzte Lesezeit":"7\u00a0Minuten"},"schema":{"@context":"https:\/\/schema.org","@graph":[{"@type":"WebPage","@id":"https:\/\/www.avinom.nl\/de\/ueber-uns\/","url":"https:\/\/www.avinom.nl\/de\/ueber-uns\/","name":"\u00dcber uns - Avinom","isPartOf":{"@id":"https:\/\/www.avinom.nl\/de\/#website"},"datePublished":"2020-05-20T08:29:27+00:00","dateModified":"2025-04-23T14:26:21+00:00","breadcrumb":{"@id":"https:\/\/www.avinom.nl\/de\/ueber-uns\/#breadcrumb"},"inLanguage":"de","potentialAction":[{"@type":"ReadAction","target":["https:\/\/www.avinom.nl\/de\/ueber-uns\/"]}]},{"@type":"BreadcrumbList","@id":"https:\/\/www.avinom.nl\/de\/ueber-uns\/#breadcrumb","itemListElement":[{"@type":"ListItem","position":1,"name":"Home","item":"https:\/\/www.avinom.nl\/de\/"},{"@type":"ListItem","position":2,"name":"\u00dcber uns"}]},{"@type":"WebSite","@id":"https:\/\/www.avinom.nl\/de\/#website","url":"https:\/\/www.avinom.nl\/de\/","name":"Avinom","description":"","potentialAction":[{"@type":"SearchAction","target":{"@type":"EntryPoint","urlTemplate":"https:\/\/www.avinom.nl\/de\/?s={search_term_string}"},"query-input":{"@type":"PropertyValueSpecification","valueRequired":true,"valueName":"search_term_string"}}],"inLanguage":"de"}]}},"_links":{"self":[{"href":"https:\/\/www.avinom.nl\/de\/wp-json\/wp\/v2\/pages\/532","targetHints":{"allow":["GET"]}}],"collection":[{"href":"https:\/\/www.avinom.nl\/de\/wp-json\/wp\/v2\/pages"}],"about":[{"href":"https:\/\/www.avinom.nl\/de\/wp-json\/wp\/v2\/types\/page"}],"author":[{"embeddable":true,"href":"https:\/\/www.avinom.nl\/de\/wp-json\/wp\/v2\/users\/1"}],"replies":[{"embeddable":true,"href":"https:\/\/www.avinom.nl\/de\/wp-json\/wp\/v2\/comments?post=532"}],"version-history":[{"count":5,"href":"https:\/\/www.avinom.nl\/de\/wp-json\/wp\/v2\/pages\/532\/revisions"}],"predecessor-version":[{"id":284446,"href":"https:\/\/www.avinom.nl\/de\/wp-json\/wp\/v2\/pages\/532\/revisions\/284446"}],"wp:attachment":[{"href":"https:\/\/www.avinom.nl\/de\/wp-json\/wp\/v2\/media?parent=532"}],"curies":[{"name":"wp","href":"https:\/\/api.w.org\/{rel}","templated":true}]}}