{"id":227001,"date":"2023-04-21T08:34:00","date_gmt":"2023-04-21T08:34:00","guid":{"rendered":"https:\/\/www.https:\/\/avinom.nl\/product\/meubelpoot-elco\/"},"modified":"2023-05-08T11:26:00","modified_gmt":"2023-05-08T11:26:00","slug":"moebelfuess-elco","status":"publish","type":"product","link":"https:\/\/www.avinom.nl\/de\/produkt\/moebelfuess-elco\/","title":{"rendered":"M\u00f6belf\u00fc\u00df Elco"},"content":{"rendered":"<p>M\u00f6belf\u00fc\u00df Elco<\/p>\n","protected":false},"excerpt":{"rendered":"<p>M\u00f6belf\u00fc\u00df Elco<\/p>\n","protected":false},"featured_media":13823,"template":"","meta":{"_acf_changed":false,"wds_primary_product_brand":0,"wds_primary_product_cat":0,"wds_primary_toepassingen":0},"product_brand":[],"product_cat":[8490,8719],"product_tag":[],"toepassingen":[4514,4515],"class_list":{"0":"post-227001","1":"product","2":"type-product","3":"status-publish","4":"has-post-thumbnail","6":"product_cat-meubelvoeten-de","7":"product_cat-moebelfuesse-alu-de","8":"pa_breedte-60-de","9":"pa_breedte-100-de","10":"pa_hoogte-150-de","11":"pa_hoogte-180-de","12":"pa_hoogte-130-de","13":"pa_hoogte-170-de","14":"pa_hoogte-190-de","15":"pa_hoogte-135-de-2","16":"pa_materiaal-88-de","17":"pa_materiaal-49-de","18":"pa_materiaal-96-de","19":"pa_materiaal-92-de","20":"pa_materiaal-99-de","21":"pa_materiaal-22-de","22":"pa_materiaal-43-de","23":"pa_materiaal-81-de","24":"pa_materiaaldikte-10-de","25":"toepassingen-slaapmeubelen-de","26":"toepassingen-zitmeubelen-de","28":"first","29":"instock","30":"shipping-taxable","31":"purchasable","32":"product-type-variable"},"acf":[],"yoast_head":"<!-- This site is optimized with the Yoast SEO plugin v27.5 - https:\/\/yoast.com\/product\/yoast-seo-wordpress\/ -->\n<title>M\u00f6belf\u00fc\u00df Elco - Avinom<\/title>\n<meta name=\"robots\" content=\"index, follow, max-snippet:-1, max-image-preview:large, max-video-preview:-1\" \/>\n<link rel=\"canonical\" href=\"https:\/\/www.avinom.nl\/de\/produkt\/moebelfuess-elco\/\" \/>\n<meta property=\"og:locale\" content=\"de_DE\" \/>\n<meta property=\"og:type\" content=\"article\" \/>\n<meta property=\"og:title\" content=\"M\u00f6belf\u00fc\u00df Elco - Avinom\" \/>\n<meta property=\"og:description\" content=\"M\u00f6belf\u00fc\u00df Elco\" \/>\n<meta property=\"og:url\" content=\"https:\/\/www.avinom.nl\/de\/produkt\/moebelfuess-elco\/\" \/>\n<meta property=\"og:site_name\" content=\"Avinom\" \/>\n<meta property=\"article:modified_time\" content=\"2023-05-08T11:26:00+00:00\" \/>\n<meta property=\"og:image\" content=\"https:\/\/www.avinom.nl\/wp-content\/uploads\/2021\/09\/Elco.jpg\" \/>\n\t<meta property=\"og:image:width\" content=\"1080\" \/>\n\t<meta property=\"og:image:height\" content=\"1080\" \/>\n\t<meta property=\"og:image:type\" content=\"image\/jpeg\" \/>\n<meta name=\"twitter:card\" content=\"summary_large_image\" \/>\n<script type=\"application\/ld+json\" class=\"yoast-schema-graph\">{\"@context\":\"https:\\\/\\\/schema.org\",\"@graph\":[{\"@type\":\"WebPage\",\"@id\":\"https:\\\/\\\/www.avinom.nl\\\/de\\\/produkt\\\/moebelfuess-elco\\\/\",\"url\":\"https:\\\/\\\/www.avinom.nl\\\/de\\\/produkt\\\/moebelfuess-elco\\\/\",\"name\":\"M\u00f6belf\u00fc\u00df Elco - Avinom\",\"isPartOf\":{\"@id\":\"https:\\\/\\\/www.avinom.nl\\\/de\\\/#website\"},\"primaryImageOfPage\":{\"@id\":\"https:\\\/\\\/www.avinom.nl\\\/de\\\/produkt\\\/moebelfuess-elco\\\/#primaryimage\"},\"image\":{\"@id\":\"https:\\\/\\\/www.avinom.nl\\\/de\\\/produkt\\\/moebelfuess-elco\\\/#primaryimage\"},\"thumbnailUrl\":\"https:\\\/\\\/www.avinom.nl\\\/wp-content\\\/uploads\\\/2021\\\/09\\\/Elco.jpg\",\"datePublished\":\"2023-04-21T08:34:00+00:00\",\"dateModified\":\"2023-05-08T11:26:00+00:00\",\"breadcrumb\":{\"@id\":\"https:\\\/\\\/www.avinom.nl\\\/de\\\/produkt\\\/moebelfuess-elco\\\/#breadcrumb\"},\"inLanguage\":\"de\",\"potentialAction\":[{\"@type\":\"ReadAction\",\"target\":[\"https:\\\/\\\/www.avinom.nl\\\/de\\\/produkt\\\/moebelfuess-elco\\\/\"]}]},{\"@type\":\"ImageObject\",\"inLanguage\":\"de\",\"@id\":\"https:\\\/\\\/www.avinom.nl\\\/de\\\/produkt\\\/moebelfuess-elco\\\/#primaryimage\",\"url\":\"https:\\\/\\\/www.avinom.nl\\\/wp-content\\\/uploads\\\/2021\\\/09\\\/Elco.jpg\",\"contentUrl\":\"https:\\\/\\\/www.avinom.nl\\\/wp-content\\\/uploads\\\/2021\\\/09\\\/Elco.jpg\",\"width\":1080,\"height\":1080},{\"@type\":\"BreadcrumbList\",\"@id\":\"https:\\\/\\\/www.avinom.nl\\\/de\\\/produkt\\\/moebelfuess-elco\\\/#breadcrumb\",\"itemListElement\":[{\"@type\":\"ListItem\",\"position\":1,\"name\":\"Home\",\"item\":\"https:\\\/\\\/www.avinom.nl\\\/de\\\/\"},{\"@type\":\"ListItem\",\"position\":2,\"name\":\"Shop\",\"item\":\"https:\\\/\\\/www.avinom.nl\\\/de\\\/shop\\\/\"},{\"@type\":\"ListItem\",\"position\":3,\"name\":\"M\u00f6belf\u00fc\u00df Elco\"}]},{\"@type\":\"WebSite\",\"@id\":\"https:\\\/\\\/www.avinom.nl\\\/de\\\/#website\",\"url\":\"https:\\\/\\\/www.avinom.nl\\\/de\\\/\",\"name\":\"Avinom\",\"description\":\"\",\"potentialAction\":[{\"@type\":\"SearchAction\",\"target\":{\"@type\":\"EntryPoint\",\"urlTemplate\":\"https:\\\/\\\/www.avinom.nl\\\/de\\\/?s={search_term_string}\"},\"query-input\":{\"@type\":\"PropertyValueSpecification\",\"valueRequired\":true,\"valueName\":\"search_term_string\"}}],\"inLanguage\":\"de\"}]}<\/script>\n<!-- \/ Yoast SEO plugin. -->","yoast_head_json":{"title":"M\u00f6belf\u00fc\u00df Elco - Avinom","robots":{"index":"index","follow":"follow","max-snippet":"max-snippet:-1","max-image-preview":"max-image-preview:large","max-video-preview":"max-video-preview:-1"},"canonical":"https:\/\/www.avinom.nl\/de\/produkt\/moebelfuess-elco\/","og_locale":"de_DE","og_type":"article","og_title":"M\u00f6belf\u00fc\u00df Elco - Avinom","og_description":"M\u00f6belf\u00fc\u00df Elco","og_url":"https:\/\/www.avinom.nl\/de\/produkt\/moebelfuess-elco\/","og_site_name":"Avinom","article_modified_time":"2023-05-08T11:26:00+00:00","og_image":[{"width":1080,"height":1080,"url":"https:\/\/www.avinom.nl\/wp-content\/uploads\/2021\/09\/Elco.jpg","type":"image\/jpeg"}],"twitter_card":"summary_large_image","schema":{"@context":"https:\/\/schema.org","@graph":[{"@type":"WebPage","@id":"https:\/\/www.avinom.nl\/de\/produkt\/moebelfuess-elco\/","url":"https:\/\/www.avinom.nl\/de\/produkt\/moebelfuess-elco\/","name":"M\u00f6belf\u00fc\u00df Elco - Avinom","isPartOf":{"@id":"https:\/\/www.avinom.nl\/de\/#website"},"primaryImageOfPage":{"@id":"https:\/\/www.avinom.nl\/de\/produkt\/moebelfuess-elco\/#primaryimage"},"image":{"@id":"https:\/\/www.avinom.nl\/de\/produkt\/moebelfuess-elco\/#primaryimage"},"thumbnailUrl":"https:\/\/www.avinom.nl\/wp-content\/uploads\/2021\/09\/Elco.jpg","datePublished":"2023-04-21T08:34:00+00:00","dateModified":"2023-05-08T11:26:00+00:00","breadcrumb":{"@id":"https:\/\/www.avinom.nl\/de\/produkt\/moebelfuess-elco\/#breadcrumb"},"inLanguage":"de","potentialAction":[{"@type":"ReadAction","target":["https:\/\/www.avinom.nl\/de\/produkt\/moebelfuess-elco\/"]}]},{"@type":"ImageObject","inLanguage":"de","@id":"https:\/\/www.avinom.nl\/de\/produkt\/moebelfuess-elco\/#primaryimage","url":"https:\/\/www.avinom.nl\/wp-content\/uploads\/2021\/09\/Elco.jpg","contentUrl":"https:\/\/www.avinom.nl\/wp-content\/uploads\/2021\/09\/Elco.jpg","width":1080,"height":1080},{"@type":"BreadcrumbList","@id":"https:\/\/www.avinom.nl\/de\/produkt\/moebelfuess-elco\/#breadcrumb","itemListElement":[{"@type":"ListItem","position":1,"name":"Home","item":"https:\/\/www.avinom.nl\/de\/"},{"@type":"ListItem","position":2,"name":"Shop","item":"https:\/\/www.avinom.nl\/de\/shop\/"},{"@type":"ListItem","position":3,"name":"M\u00f6belf\u00fc\u00df Elco"}]},{"@type":"WebSite","@id":"https:\/\/www.avinom.nl\/de\/#website","url":"https:\/\/www.avinom.nl\/de\/","name":"Avinom","description":"","potentialAction":[{"@type":"SearchAction","target":{"@type":"EntryPoint","urlTemplate":"https:\/\/www.avinom.nl\/de\/?s={search_term_string}"},"query-input":{"@type":"PropertyValueSpecification","valueRequired":true,"valueName":"search_term_string"}}],"inLanguage":"de"}]}},"_links":{"self":[{"href":"https:\/\/www.avinom.nl\/de\/wp-json\/wp\/v2\/product\/227001","targetHints":{"allow":["GET"]}}],"collection":[{"href":"https:\/\/www.avinom.nl\/de\/wp-json\/wp\/v2\/product"}],"about":[{"href":"https:\/\/www.avinom.nl\/de\/wp-json\/wp\/v2\/types\/product"}],"wp:featuredmedia":[{"embeddable":true,"href":"https:\/\/www.avinom.nl\/de\/wp-json\/wp\/v2\/media\/13823"}],"wp:attachment":[{"href":"https:\/\/www.avinom.nl\/de\/wp-json\/wp\/v2\/media?parent=227001"}],"wp:term":[{"taxonomy":"product_brand","embeddable":true,"href":"https:\/\/www.avinom.nl\/de\/wp-json\/wp\/v2\/product_brand?post=227001"},{"taxonomy":"product_cat","embeddable":true,"href":"https:\/\/www.avinom.nl\/de\/wp-json\/wp\/v2\/product_cat?post=227001"},{"taxonomy":"product_tag","embeddable":true,"href":"https:\/\/www.avinom.nl\/de\/wp-json\/wp\/v2\/product_tag?post=227001"},{"taxonomy":"toepassingen","embeddable":true,"href":"https:\/\/www.avinom.nl\/de\/wp-json\/wp\/v2\/toepassingen?post=227001"}],"curies":[{"name":"wp","href":"https:\/\/api.w.org\/{rel}","templated":true}]}}