{"id":227637,"date":"2023-04-20T10:27:11","date_gmt":"2023-04-20T10:27:11","guid":{"rendered":"https:\/\/www.https:\/\/avinom.nl\/product\/meubelvoet-kupa\/"},"modified":"2023-05-08T11:08:54","modified_gmt":"2023-05-08T11:08:54","slug":"moebelfuess-kupa","status":"publish","type":"product","link":"https:\/\/www.avinom.nl\/de\/produkt\/moebelfuess-kupa\/","title":{"rendered":"M\u00f6belf\u00fc\u00df Kupa"},"content":{"rendered":"<p>M\u00f6belf\u00fc\u00df Kupa<\/p>\n","protected":false},"excerpt":{"rendered":"<p>M\u00f6belf\u00fc\u00df Kupa<\/p>\n","protected":false},"featured_media":15017,"template":"","meta":{"_acf_changed":false,"wds_primary_product_brand":0,"wds_primary_product_cat":0,"wds_primary_toepassingen":0},"product_brand":[],"product_cat":[8490,4503],"product_tag":[],"toepassingen":[4514,4515],"class_list":{"0":"post-227637","1":"product","2":"type-product","3":"status-publish","4":"has-post-thumbnail","6":"product_cat-meubelvoeten-de","7":"product_cat-verfeinerungen","8":"pa_hoogte-120-de","9":"pa_hoogte-100-de","10":"pa_hoogte-180-de","11":"pa_materiaal-43-de","12":"pa_materiaal-45-3-de","13":"toepassingen-slaapmeubelen-de","14":"toepassingen-zitmeubelen-de","16":"first","17":"instock","18":"shipping-taxable","19":"purchasable","20":"product-type-variable"},"acf":[],"yoast_head":"<!-- This site is optimized with the Yoast SEO plugin v27.2 - https:\/\/yoast.com\/product\/yoast-seo-wordpress\/ -->\n<title>M\u00f6belf\u00fc\u00df Kupa - Avinom<\/title>\n<meta name=\"robots\" content=\"index, follow, max-snippet:-1, max-image-preview:large, max-video-preview:-1\" \/>\n<link rel=\"canonical\" href=\"https:\/\/www.avinom.nl\/de\/produkt\/moebelfuess-kupa\/\" \/>\n<meta property=\"og:locale\" content=\"de_DE\" \/>\n<meta property=\"og:type\" content=\"article\" \/>\n<meta property=\"og:title\" content=\"M\u00f6belf\u00fc\u00df Kupa - Avinom\" \/>\n<meta property=\"og:description\" content=\"M\u00f6belf\u00fc\u00df Kupa\" \/>\n<meta property=\"og:url\" content=\"https:\/\/www.avinom.nl\/de\/produkt\/moebelfuess-kupa\/\" \/>\n<meta property=\"og:site_name\" content=\"Avinom\" \/>\n<meta property=\"article:modified_time\" content=\"2023-05-08T11:08:54+00:00\" \/>\n<meta property=\"og:image\" content=\"https:\/\/www.avinom.nl\/wp-content\/uploads\/2021\/09\/Kupa.jpg\" \/>\n\t<meta property=\"og:image:width\" content=\"1080\" \/>\n\t<meta property=\"og:image:height\" content=\"1080\" \/>\n\t<meta property=\"og:image:type\" content=\"image\/jpeg\" \/>\n<meta name=\"twitter:card\" content=\"summary_large_image\" \/>\n<script type=\"application\/ld+json\" class=\"yoast-schema-graph\">{\"@context\":\"https:\/\/schema.org\",\"@graph\":[{\"@type\":\"WebPage\",\"@id\":\"https:\/\/www.avinom.nl\/de\/produkt\/moebelfuess-kupa\/\",\"url\":\"https:\/\/www.avinom.nl\/de\/produkt\/moebelfuess-kupa\/\",\"name\":\"M\u00f6belf\u00fc\u00df Kupa - Avinom\",\"isPartOf\":{\"@id\":\"https:\/\/www.avinom.nl\/de\/#website\"},\"primaryImageOfPage\":{\"@id\":\"https:\/\/www.avinom.nl\/de\/produkt\/moebelfuess-kupa\/#primaryimage\"},\"image\":{\"@id\":\"https:\/\/www.avinom.nl\/de\/produkt\/moebelfuess-kupa\/#primaryimage\"},\"thumbnailUrl\":\"https:\/\/www.avinom.nl\/wp-content\/uploads\/2021\/09\/Kupa.jpg\",\"datePublished\":\"2023-04-20T10:27:11+00:00\",\"dateModified\":\"2023-05-08T11:08:54+00:00\",\"breadcrumb\":{\"@id\":\"https:\/\/www.avinom.nl\/de\/produkt\/moebelfuess-kupa\/#breadcrumb\"},\"inLanguage\":\"de\",\"potentialAction\":[{\"@type\":\"ReadAction\",\"target\":[\"https:\/\/www.avinom.nl\/de\/produkt\/moebelfuess-kupa\/\"]}]},{\"@type\":\"ImageObject\",\"inLanguage\":\"de\",\"@id\":\"https:\/\/www.avinom.nl\/de\/produkt\/moebelfuess-kupa\/#primaryimage\",\"url\":\"https:\/\/www.avinom.nl\/wp-content\/uploads\/2021\/09\/Kupa.jpg\",\"contentUrl\":\"https:\/\/www.avinom.nl\/wp-content\/uploads\/2021\/09\/Kupa.jpg\",\"width\":1080,\"height\":1080},{\"@type\":\"BreadcrumbList\",\"@id\":\"https:\/\/www.avinom.nl\/de\/produkt\/moebelfuess-kupa\/#breadcrumb\",\"itemListElement\":[{\"@type\":\"ListItem\",\"position\":1,\"name\":\"Home\",\"item\":\"https:\/\/www.avinom.nl\/de\/\"},{\"@type\":\"ListItem\",\"position\":2,\"name\":\"Shop\",\"item\":\"https:\/\/www.avinom.nl\/de\/shop\/\"},{\"@type\":\"ListItem\",\"position\":3,\"name\":\"M\u00f6belf\u00fc\u00df Kupa\"}]},{\"@type\":\"WebSite\",\"@id\":\"https:\/\/www.avinom.nl\/de\/#website\",\"url\":\"https:\/\/www.avinom.nl\/de\/\",\"name\":\"Avinom\",\"description\":\"\",\"potentialAction\":[{\"@type\":\"SearchAction\",\"target\":{\"@type\":\"EntryPoint\",\"urlTemplate\":\"https:\/\/www.avinom.nl\/de\/?s={search_term_string}\"},\"query-input\":{\"@type\":\"PropertyValueSpecification\",\"valueRequired\":true,\"valueName\":\"search_term_string\"}}],\"inLanguage\":\"de\"}]}<\/script>\n<!-- \/ Yoast SEO plugin. -->","yoast_head_json":{"title":"M\u00f6belf\u00fc\u00df Kupa - Avinom","robots":{"index":"index","follow":"follow","max-snippet":"max-snippet:-1","max-image-preview":"max-image-preview:large","max-video-preview":"max-video-preview:-1"},"canonical":"https:\/\/www.avinom.nl\/de\/produkt\/moebelfuess-kupa\/","og_locale":"de_DE","og_type":"article","og_title":"M\u00f6belf\u00fc\u00df Kupa - Avinom","og_description":"M\u00f6belf\u00fc\u00df Kupa","og_url":"https:\/\/www.avinom.nl\/de\/produkt\/moebelfuess-kupa\/","og_site_name":"Avinom","article_modified_time":"2023-05-08T11:08:54+00:00","og_image":[{"width":1080,"height":1080,"url":"https:\/\/www.avinom.nl\/wp-content\/uploads\/2021\/09\/Kupa.jpg","type":"image\/jpeg"}],"twitter_card":"summary_large_image","schema":{"@context":"https:\/\/schema.org","@graph":[{"@type":"WebPage","@id":"https:\/\/www.avinom.nl\/de\/produkt\/moebelfuess-kupa\/","url":"https:\/\/www.avinom.nl\/de\/produkt\/moebelfuess-kupa\/","name":"M\u00f6belf\u00fc\u00df Kupa - Avinom","isPartOf":{"@id":"https:\/\/www.avinom.nl\/de\/#website"},"primaryImageOfPage":{"@id":"https:\/\/www.avinom.nl\/de\/produkt\/moebelfuess-kupa\/#primaryimage"},"image":{"@id":"https:\/\/www.avinom.nl\/de\/produkt\/moebelfuess-kupa\/#primaryimage"},"thumbnailUrl":"https:\/\/www.avinom.nl\/wp-content\/uploads\/2021\/09\/Kupa.jpg","datePublished":"2023-04-20T10:27:11+00:00","dateModified":"2023-05-08T11:08:54+00:00","breadcrumb":{"@id":"https:\/\/www.avinom.nl\/de\/produkt\/moebelfuess-kupa\/#breadcrumb"},"inLanguage":"de","potentialAction":[{"@type":"ReadAction","target":["https:\/\/www.avinom.nl\/de\/produkt\/moebelfuess-kupa\/"]}]},{"@type":"ImageObject","inLanguage":"de","@id":"https:\/\/www.avinom.nl\/de\/produkt\/moebelfuess-kupa\/#primaryimage","url":"https:\/\/www.avinom.nl\/wp-content\/uploads\/2021\/09\/Kupa.jpg","contentUrl":"https:\/\/www.avinom.nl\/wp-content\/uploads\/2021\/09\/Kupa.jpg","width":1080,"height":1080},{"@type":"BreadcrumbList","@id":"https:\/\/www.avinom.nl\/de\/produkt\/moebelfuess-kupa\/#breadcrumb","itemListElement":[{"@type":"ListItem","position":1,"name":"Home","item":"https:\/\/www.avinom.nl\/de\/"},{"@type":"ListItem","position":2,"name":"Shop","item":"https:\/\/www.avinom.nl\/de\/shop\/"},{"@type":"ListItem","position":3,"name":"M\u00f6belf\u00fc\u00df Kupa"}]},{"@type":"WebSite","@id":"https:\/\/www.avinom.nl\/de\/#website","url":"https:\/\/www.avinom.nl\/de\/","name":"Avinom","description":"","potentialAction":[{"@type":"SearchAction","target":{"@type":"EntryPoint","urlTemplate":"https:\/\/www.avinom.nl\/de\/?s={search_term_string}"},"query-input":{"@type":"PropertyValueSpecification","valueRequired":true,"valueName":"search_term_string"}}],"inLanguage":"de"}]}},"_links":{"self":[{"href":"https:\/\/www.avinom.nl\/de\/wp-json\/wp\/v2\/product\/227637","targetHints":{"allow":["GET"]}}],"collection":[{"href":"https:\/\/www.avinom.nl\/de\/wp-json\/wp\/v2\/product"}],"about":[{"href":"https:\/\/www.avinom.nl\/de\/wp-json\/wp\/v2\/types\/product"}],"wp:featuredmedia":[{"embeddable":true,"href":"https:\/\/www.avinom.nl\/de\/wp-json\/wp\/v2\/media\/15017"}],"wp:attachment":[{"href":"https:\/\/www.avinom.nl\/de\/wp-json\/wp\/v2\/media?parent=227637"}],"wp:term":[{"taxonomy":"product_brand","embeddable":true,"href":"https:\/\/www.avinom.nl\/de\/wp-json\/wp\/v2\/product_brand?post=227637"},{"taxonomy":"product_cat","embeddable":true,"href":"https:\/\/www.avinom.nl\/de\/wp-json\/wp\/v2\/product_cat?post=227637"},{"taxonomy":"product_tag","embeddable":true,"href":"https:\/\/www.avinom.nl\/de\/wp-json\/wp\/v2\/product_tag?post=227637"},{"taxonomy":"toepassingen","embeddable":true,"href":"https:\/\/www.avinom.nl\/de\/wp-json\/wp\/v2\/toepassingen?post=227637"}],"curies":[{"name":"wp","href":"https:\/\/api.w.org\/{rel}","templated":true}]}}