{"id":227683,"date":"2023-04-20T10:21:43","date_gmt":"2023-04-20T10:21:43","guid":{"rendered":"https:\/\/www.https:\/\/avinom.nl\/product\/rvs-ladegeleider-voor-zware-belasting-tot-100-kg\/"},"modified":"2023-05-08T11:07:46","modified_gmt":"2023-05-08T11:07:46","slug":"edelstahl-rollenfuehrungen-fuer-hohe-belastung-bis-100-kg","status":"publish","type":"product","link":"https:\/\/www.avinom.nl\/de\/produkt\/edelstahl-rollenfuehrungen-fuer-hohe-belastung-bis-100-kg\/","title":{"rendered":"Edelstahl Rollenf\u00fchrungen f\u00fcr hohe Belastung bis 100 KG"},"content":{"rendered":"<p>Edelstahl Rollenf\u00fchrungen f\u00fcr hohe Belastung bis 100 KG<\/p>\n","protected":false},"excerpt":{"rendered":"<p>Edelstahl Rollenf\u00fchrungen f\u00fcr hohe Belastung bis 100 KG<\/p>\n","protected":false},"featured_media":15134,"template":"","meta":{"_acf_changed":false,"wds_primary_product_brand":0,"wds_primary_product_cat":0,"wds_primary_toepassingen":0},"product_brand":[],"product_cat":[5186,5195],"product_tag":[],"toepassingen":[4485,4487,4514,5462],"class_list":{"0":"post-227683","1":"product","2":"type-product","3":"status-publish","4":"has-post-thumbnail","6":"product_cat-bewegungselemente","7":"product_cat-schubladenfuehrungen","8":"pa_lengte-650-de","9":"pa_lengte-700-de","10":"pa_lengte-750-de","11":"pa_lengte-400-de","12":"pa_lengte-450-de","13":"pa_lengte-500-de","14":"pa_lengte-550-de","15":"pa_lengte-600-de","16":"pa_materiaal-r00-de","17":"toepassingen-industrieen-de","18":"toepassingen-interieurbouw-de","19":"toepassingen-slaapmeubelen-de","20":"toepassingen-keukens-en-de","22":"first","23":"instock","24":"shipping-taxable","25":"purchasable","26":"product-type-variable"},"acf":[],"yoast_head":"<!-- This site is optimized with the Yoast SEO plugin v27.2 - https:\/\/yoast.com\/product\/yoast-seo-wordpress\/ -->\n<title>Edelstahl Rollenf\u00fchrungen f\u00fcr hohe Belastung bis 100 KG - Avinom<\/title>\n<meta name=\"robots\" content=\"index, follow, max-snippet:-1, max-image-preview:large, max-video-preview:-1\" \/>\n<link rel=\"canonical\" href=\"https:\/\/www.avinom.nl\/de\/produkt\/edelstahl-rollenfuehrungen-fuer-hohe-belastung-bis-100-kg\/\" \/>\n<meta property=\"og:locale\" content=\"de_DE\" \/>\n<meta property=\"og:type\" content=\"article\" \/>\n<meta property=\"og:title\" content=\"Edelstahl Rollenf\u00fchrungen f\u00fcr hohe Belastung bis 100 KG - Avinom\" \/>\n<meta property=\"og:description\" content=\"Edelstahl Rollenf\u00fchrungen f\u00fcr hohe Belastung bis 100 KG\" \/>\n<meta property=\"og:url\" content=\"https:\/\/www.avinom.nl\/de\/produkt\/edelstahl-rollenfuehrungen-fuer-hohe-belastung-bis-100-kg\/\" \/>\n<meta property=\"og:site_name\" content=\"Avinom\" \/>\n<meta property=\"article:modified_time\" content=\"2023-05-08T11:07:46+00:00\" \/>\n<meta property=\"og:image\" content=\"https:\/\/www.avinom.nl\/wp-content\/uploads\/2021\/09\/LL007.jpg\" \/>\n\t<meta property=\"og:image:width\" content=\"1080\" \/>\n\t<meta property=\"og:image:height\" content=\"1080\" \/>\n\t<meta property=\"og:image:type\" content=\"image\/jpeg\" \/>\n<meta name=\"twitter:card\" content=\"summary_large_image\" \/>\n<meta name=\"twitter:label1\" content=\"Gesch\u00e4tzte Lesezeit\" \/>\n\t<meta name=\"twitter:data1\" content=\"1\u00a0Minute\" \/>\n<script type=\"application\/ld+json\" class=\"yoast-schema-graph\">{\"@context\":\"https:\/\/schema.org\",\"@graph\":[{\"@type\":\"WebPage\",\"@id\":\"https:\/\/www.avinom.nl\/de\/produkt\/edelstahl-rollenfuehrungen-fuer-hohe-belastung-bis-100-kg\/\",\"url\":\"https:\/\/www.avinom.nl\/de\/produkt\/edelstahl-rollenfuehrungen-fuer-hohe-belastung-bis-100-kg\/\",\"name\":\"Edelstahl Rollenf\u00fchrungen f\u00fcr hohe Belastung bis 100 KG - Avinom\",\"isPartOf\":{\"@id\":\"https:\/\/www.avinom.nl\/de\/#website\"},\"primaryImageOfPage\":{\"@id\":\"https:\/\/www.avinom.nl\/de\/produkt\/edelstahl-rollenfuehrungen-fuer-hohe-belastung-bis-100-kg\/#primaryimage\"},\"image\":{\"@id\":\"https:\/\/www.avinom.nl\/de\/produkt\/edelstahl-rollenfuehrungen-fuer-hohe-belastung-bis-100-kg\/#primaryimage\"},\"thumbnailUrl\":\"https:\/\/www.avinom.nl\/wp-content\/uploads\/2021\/09\/LL007.jpg\",\"datePublished\":\"2023-04-20T10:21:43+00:00\",\"dateModified\":\"2023-05-08T11:07:46+00:00\",\"breadcrumb\":{\"@id\":\"https:\/\/www.avinom.nl\/de\/produkt\/edelstahl-rollenfuehrungen-fuer-hohe-belastung-bis-100-kg\/#breadcrumb\"},\"inLanguage\":\"de\",\"potentialAction\":[{\"@type\":\"ReadAction\",\"target\":[\"https:\/\/www.avinom.nl\/de\/produkt\/edelstahl-rollenfuehrungen-fuer-hohe-belastung-bis-100-kg\/\"]}]},{\"@type\":\"ImageObject\",\"inLanguage\":\"de\",\"@id\":\"https:\/\/www.avinom.nl\/de\/produkt\/edelstahl-rollenfuehrungen-fuer-hohe-belastung-bis-100-kg\/#primaryimage\",\"url\":\"https:\/\/www.avinom.nl\/wp-content\/uploads\/2021\/09\/LL007.jpg\",\"contentUrl\":\"https:\/\/www.avinom.nl\/wp-content\/uploads\/2021\/09\/LL007.jpg\",\"width\":1080,\"height\":1080},{\"@type\":\"BreadcrumbList\",\"@id\":\"https:\/\/www.avinom.nl\/de\/produkt\/edelstahl-rollenfuehrungen-fuer-hohe-belastung-bis-100-kg\/#breadcrumb\",\"itemListElement\":[{\"@type\":\"ListItem\",\"position\":1,\"name\":\"Home\",\"item\":\"https:\/\/www.avinom.nl\/de\/\"},{\"@type\":\"ListItem\",\"position\":2,\"name\":\"Shop\",\"item\":\"https:\/\/www.avinom.nl\/de\/shop\/\"},{\"@type\":\"ListItem\",\"position\":3,\"name\":\"Edelstahl Rollenf\u00fchrungen f\u00fcr hohe Belastung bis 100 KG\"}]},{\"@type\":\"WebSite\",\"@id\":\"https:\/\/www.avinom.nl\/de\/#website\",\"url\":\"https:\/\/www.avinom.nl\/de\/\",\"name\":\"Avinom\",\"description\":\"\",\"potentialAction\":[{\"@type\":\"SearchAction\",\"target\":{\"@type\":\"EntryPoint\",\"urlTemplate\":\"https:\/\/www.avinom.nl\/de\/?s={search_term_string}\"},\"query-input\":{\"@type\":\"PropertyValueSpecification\",\"valueRequired\":true,\"valueName\":\"search_term_string\"}}],\"inLanguage\":\"de\"}]}<\/script>\n<!-- \/ Yoast SEO plugin. -->","yoast_head_json":{"title":"Edelstahl Rollenf\u00fchrungen f\u00fcr hohe Belastung bis 100 KG - Avinom","robots":{"index":"index","follow":"follow","max-snippet":"max-snippet:-1","max-image-preview":"max-image-preview:large","max-video-preview":"max-video-preview:-1"},"canonical":"https:\/\/www.avinom.nl\/de\/produkt\/edelstahl-rollenfuehrungen-fuer-hohe-belastung-bis-100-kg\/","og_locale":"de_DE","og_type":"article","og_title":"Edelstahl Rollenf\u00fchrungen f\u00fcr hohe Belastung bis 100 KG - Avinom","og_description":"Edelstahl Rollenf\u00fchrungen f\u00fcr hohe Belastung bis 100 KG","og_url":"https:\/\/www.avinom.nl\/de\/produkt\/edelstahl-rollenfuehrungen-fuer-hohe-belastung-bis-100-kg\/","og_site_name":"Avinom","article_modified_time":"2023-05-08T11:07:46+00:00","og_image":[{"width":1080,"height":1080,"url":"https:\/\/www.avinom.nl\/wp-content\/uploads\/2021\/09\/LL007.jpg","type":"image\/jpeg"}],"twitter_card":"summary_large_image","twitter_misc":{"Gesch\u00e4tzte Lesezeit":"1\u00a0Minute"},"schema":{"@context":"https:\/\/schema.org","@graph":[{"@type":"WebPage","@id":"https:\/\/www.avinom.nl\/de\/produkt\/edelstahl-rollenfuehrungen-fuer-hohe-belastung-bis-100-kg\/","url":"https:\/\/www.avinom.nl\/de\/produkt\/edelstahl-rollenfuehrungen-fuer-hohe-belastung-bis-100-kg\/","name":"Edelstahl Rollenf\u00fchrungen f\u00fcr hohe Belastung bis 100 KG - Avinom","isPartOf":{"@id":"https:\/\/www.avinom.nl\/de\/#website"},"primaryImageOfPage":{"@id":"https:\/\/www.avinom.nl\/de\/produkt\/edelstahl-rollenfuehrungen-fuer-hohe-belastung-bis-100-kg\/#primaryimage"},"image":{"@id":"https:\/\/www.avinom.nl\/de\/produkt\/edelstahl-rollenfuehrungen-fuer-hohe-belastung-bis-100-kg\/#primaryimage"},"thumbnailUrl":"https:\/\/www.avinom.nl\/wp-content\/uploads\/2021\/09\/LL007.jpg","datePublished":"2023-04-20T10:21:43+00:00","dateModified":"2023-05-08T11:07:46+00:00","breadcrumb":{"@id":"https:\/\/www.avinom.nl\/de\/produkt\/edelstahl-rollenfuehrungen-fuer-hohe-belastung-bis-100-kg\/#breadcrumb"},"inLanguage":"de","potentialAction":[{"@type":"ReadAction","target":["https:\/\/www.avinom.nl\/de\/produkt\/edelstahl-rollenfuehrungen-fuer-hohe-belastung-bis-100-kg\/"]}]},{"@type":"ImageObject","inLanguage":"de","@id":"https:\/\/www.avinom.nl\/de\/produkt\/edelstahl-rollenfuehrungen-fuer-hohe-belastung-bis-100-kg\/#primaryimage","url":"https:\/\/www.avinom.nl\/wp-content\/uploads\/2021\/09\/LL007.jpg","contentUrl":"https:\/\/www.avinom.nl\/wp-content\/uploads\/2021\/09\/LL007.jpg","width":1080,"height":1080},{"@type":"BreadcrumbList","@id":"https:\/\/www.avinom.nl\/de\/produkt\/edelstahl-rollenfuehrungen-fuer-hohe-belastung-bis-100-kg\/#breadcrumb","itemListElement":[{"@type":"ListItem","position":1,"name":"Home","item":"https:\/\/www.avinom.nl\/de\/"},{"@type":"ListItem","position":2,"name":"Shop","item":"https:\/\/www.avinom.nl\/de\/shop\/"},{"@type":"ListItem","position":3,"name":"Edelstahl Rollenf\u00fchrungen f\u00fcr hohe Belastung bis 100 KG"}]},{"@type":"WebSite","@id":"https:\/\/www.avinom.nl\/de\/#website","url":"https:\/\/www.avinom.nl\/de\/","name":"Avinom","description":"","potentialAction":[{"@type":"SearchAction","target":{"@type":"EntryPoint","urlTemplate":"https:\/\/www.avinom.nl\/de\/?s={search_term_string}"},"query-input":{"@type":"PropertyValueSpecification","valueRequired":true,"valueName":"search_term_string"}}],"inLanguage":"de"}]}},"_links":{"self":[{"href":"https:\/\/www.avinom.nl\/de\/wp-json\/wp\/v2\/product\/227683","targetHints":{"allow":["GET"]}}],"collection":[{"href":"https:\/\/www.avinom.nl\/de\/wp-json\/wp\/v2\/product"}],"about":[{"href":"https:\/\/www.avinom.nl\/de\/wp-json\/wp\/v2\/types\/product"}],"wp:featuredmedia":[{"embeddable":true,"href":"https:\/\/www.avinom.nl\/de\/wp-json\/wp\/v2\/media\/15134"}],"wp:attachment":[{"href":"https:\/\/www.avinom.nl\/de\/wp-json\/wp\/v2\/media?parent=227683"}],"wp:term":[{"taxonomy":"product_brand","embeddable":true,"href":"https:\/\/www.avinom.nl\/de\/wp-json\/wp\/v2\/product_brand?post=227683"},{"taxonomy":"product_cat","embeddable":true,"href":"https:\/\/www.avinom.nl\/de\/wp-json\/wp\/v2\/product_cat?post=227683"},{"taxonomy":"product_tag","embeddable":true,"href":"https:\/\/www.avinom.nl\/de\/wp-json\/wp\/v2\/product_tag?post=227683"},{"taxonomy":"toepassingen","embeddable":true,"href":"https:\/\/www.avinom.nl\/de\/wp-json\/wp\/v2\/toepassingen?post=227683"}],"curies":[{"name":"wp","href":"https:\/\/api.w.org\/{rel}","templated":true}]}}