{"id":227693,"date":"2023-04-20T10:20:31","date_gmt":"2023-04-20T10:20:31","guid":{"rendered":"https:\/\/www.https:\/\/avinom.nl\/product\/rvs-ladegeleider-voor-zware-belasting-dubbel-uittrekbaar-tot-120-kg\/"},"modified":"2023-05-08T11:07:21","modified_gmt":"2023-05-08T11:07:21","slug":"edelstahl-vollauszug-rollenfuehrung-fuer-hohe-belastung-bis-120-kg","status":"publish","type":"product","link":"https:\/\/www.avinom.nl\/de\/produkt\/edelstahl-vollauszug-rollenfuehrung-fuer-hohe-belastung-bis-120-kg\/","title":{"rendered":"Edelstahl Vollauszug Rollenf\u00fchrung f\u00fcr hohe Belastung bis 120 KG"},"content":{"rendered":"<p>Edelstahl Vollauszug Rollenf\u00fchrung f\u00fcr hohe Belastung bis 120 KG<\/p>\n","protected":false},"excerpt":{"rendered":"<p>Edelstahl Vollauszug Rollenf\u00fchrung f\u00fcr hohe Belastung bis 120 KG<\/p>\n","protected":false},"featured_media":15161,"template":"","meta":{"_acf_changed":false,"wds_primary_product_brand":0,"wds_primary_product_cat":0,"wds_primary_toepassingen":0},"product_brand":[],"product_cat":[5186,5195],"product_tag":[],"toepassingen":[4485,4487,4514,5462],"class_list":{"0":"post-227693","1":"product","2":"type-product","3":"status-publish","4":"has-post-thumbnail","6":"product_cat-bewegungselemente","7":"product_cat-schubladenfuehrungen","8":"pa_ladeuittrek-lengte-787-0-de","9":"pa_ladeuittrek-lengte-387-0-de","10":"pa_ladeuittrek-lengte-437-0-de","11":"pa_ladeuittrek-lengte-487-0-de","12":"pa_ladeuittrek-lengte-537-0-de","13":"pa_ladeuittrek-lengte-587-0-de","14":"pa_ladeuittrek-lengte-637-0-de","15":"pa_lengte-550-de","16":"pa_lengte-600-de","17":"pa_lengte-650-de","18":"pa_lengte-700-de","19":"pa_lengte-400-de","20":"pa_lengte-450-de","21":"pa_lengte-500-de","22":"pa_materiaal-r00-de","23":"toepassingen-industrieen-de","24":"toepassingen-interieurbouw-de","25":"toepassingen-slaapmeubelen-de","26":"toepassingen-keukens-en-de","28":"first","29":"instock","30":"shipping-taxable","31":"purchasable","32":"product-type-variable"},"acf":[],"yoast_head":"<!-- This site is optimized with the Yoast SEO plugin v27.5 - https:\/\/yoast.com\/product\/yoast-seo-wordpress\/ -->\n<title>Edelstahl Vollauszug Rollenf\u00fchrung f\u00fcr hohe Belastung bis 120 KG - Avinom<\/title>\n<meta name=\"robots\" content=\"index, follow, max-snippet:-1, max-image-preview:large, max-video-preview:-1\" \/>\n<link rel=\"canonical\" href=\"https:\/\/www.avinom.nl\/de\/produkt\/edelstahl-vollauszug-rollenfuehrung-fuer-hohe-belastung-bis-120-kg\/\" \/>\n<meta property=\"og:locale\" content=\"de_DE\" \/>\n<meta property=\"og:type\" content=\"article\" \/>\n<meta property=\"og:title\" content=\"Edelstahl Vollauszug Rollenf\u00fchrung f\u00fcr hohe Belastung bis 120 KG - Avinom\" \/>\n<meta property=\"og:description\" content=\"Edelstahl Vollauszug Rollenf\u00fchrung f\u00fcr hohe Belastung bis 120 KG\" \/>\n<meta property=\"og:url\" content=\"https:\/\/www.avinom.nl\/de\/produkt\/edelstahl-vollauszug-rollenfuehrung-fuer-hohe-belastung-bis-120-kg\/\" \/>\n<meta property=\"og:site_name\" content=\"Avinom\" \/>\n<meta property=\"article:modified_time\" content=\"2023-05-08T11:07:21+00:00\" \/>\n<meta property=\"og:image\" content=\"https:\/\/www.avinom.nl\/wp-content\/uploads\/2021\/09\/LW007-1.jpg\" \/>\n\t<meta property=\"og:image:width\" content=\"1080\" \/>\n\t<meta property=\"og:image:height\" content=\"1080\" \/>\n\t<meta property=\"og:image:type\" content=\"image\/jpeg\" \/>\n<meta name=\"twitter:card\" content=\"summary_large_image\" \/>\n<meta name=\"twitter:label1\" content=\"Gesch\u00e4tzte Lesezeit\" \/>\n\t<meta name=\"twitter:data1\" content=\"1\u00a0Minute\" \/>\n<script type=\"application\/ld+json\" class=\"yoast-schema-graph\">{\"@context\":\"https:\\\/\\\/schema.org\",\"@graph\":[{\"@type\":\"WebPage\",\"@id\":\"https:\\\/\\\/www.avinom.nl\\\/de\\\/produkt\\\/edelstahl-vollauszug-rollenfuehrung-fuer-hohe-belastung-bis-120-kg\\\/\",\"url\":\"https:\\\/\\\/www.avinom.nl\\\/de\\\/produkt\\\/edelstahl-vollauszug-rollenfuehrung-fuer-hohe-belastung-bis-120-kg\\\/\",\"name\":\"Edelstahl Vollauszug Rollenf\u00fchrung f\u00fcr hohe Belastung bis 120 KG - Avinom\",\"isPartOf\":{\"@id\":\"https:\\\/\\\/www.avinom.nl\\\/de\\\/#website\"},\"primaryImageOfPage\":{\"@id\":\"https:\\\/\\\/www.avinom.nl\\\/de\\\/produkt\\\/edelstahl-vollauszug-rollenfuehrung-fuer-hohe-belastung-bis-120-kg\\\/#primaryimage\"},\"image\":{\"@id\":\"https:\\\/\\\/www.avinom.nl\\\/de\\\/produkt\\\/edelstahl-vollauszug-rollenfuehrung-fuer-hohe-belastung-bis-120-kg\\\/#primaryimage\"},\"thumbnailUrl\":\"https:\\\/\\\/www.avinom.nl\\\/wp-content\\\/uploads\\\/2021\\\/09\\\/LW007-1.jpg\",\"datePublished\":\"2023-04-20T10:20:31+00:00\",\"dateModified\":\"2023-05-08T11:07:21+00:00\",\"breadcrumb\":{\"@id\":\"https:\\\/\\\/www.avinom.nl\\\/de\\\/produkt\\\/edelstahl-vollauszug-rollenfuehrung-fuer-hohe-belastung-bis-120-kg\\\/#breadcrumb\"},\"inLanguage\":\"de\",\"potentialAction\":[{\"@type\":\"ReadAction\",\"target\":[\"https:\\\/\\\/www.avinom.nl\\\/de\\\/produkt\\\/edelstahl-vollauszug-rollenfuehrung-fuer-hohe-belastung-bis-120-kg\\\/\"]}]},{\"@type\":\"ImageObject\",\"inLanguage\":\"de\",\"@id\":\"https:\\\/\\\/www.avinom.nl\\\/de\\\/produkt\\\/edelstahl-vollauszug-rollenfuehrung-fuer-hohe-belastung-bis-120-kg\\\/#primaryimage\",\"url\":\"https:\\\/\\\/www.avinom.nl\\\/wp-content\\\/uploads\\\/2021\\\/09\\\/LW007-1.jpg\",\"contentUrl\":\"https:\\\/\\\/www.avinom.nl\\\/wp-content\\\/uploads\\\/2021\\\/09\\\/LW007-1.jpg\",\"width\":1080,\"height\":1080},{\"@type\":\"BreadcrumbList\",\"@id\":\"https:\\\/\\\/www.avinom.nl\\\/de\\\/produkt\\\/edelstahl-vollauszug-rollenfuehrung-fuer-hohe-belastung-bis-120-kg\\\/#breadcrumb\",\"itemListElement\":[{\"@type\":\"ListItem\",\"position\":1,\"name\":\"Home\",\"item\":\"https:\\\/\\\/www.avinom.nl\\\/de\\\/\"},{\"@type\":\"ListItem\",\"position\":2,\"name\":\"Shop\",\"item\":\"https:\\\/\\\/www.avinom.nl\\\/de\\\/shop\\\/\"},{\"@type\":\"ListItem\",\"position\":3,\"name\":\"Edelstahl Vollauszug Rollenf\u00fchrung f\u00fcr hohe Belastung bis 120 KG\"}]},{\"@type\":\"WebSite\",\"@id\":\"https:\\\/\\\/www.avinom.nl\\\/de\\\/#website\",\"url\":\"https:\\\/\\\/www.avinom.nl\\\/de\\\/\",\"name\":\"Avinom\",\"description\":\"\",\"potentialAction\":[{\"@type\":\"SearchAction\",\"target\":{\"@type\":\"EntryPoint\",\"urlTemplate\":\"https:\\\/\\\/www.avinom.nl\\\/de\\\/?s={search_term_string}\"},\"query-input\":{\"@type\":\"PropertyValueSpecification\",\"valueRequired\":true,\"valueName\":\"search_term_string\"}}],\"inLanguage\":\"de\"}]}<\/script>\n<!-- \/ Yoast SEO plugin. -->","yoast_head_json":{"title":"Edelstahl Vollauszug Rollenf\u00fchrung f\u00fcr hohe Belastung bis 120 KG - Avinom","robots":{"index":"index","follow":"follow","max-snippet":"max-snippet:-1","max-image-preview":"max-image-preview:large","max-video-preview":"max-video-preview:-1"},"canonical":"https:\/\/www.avinom.nl\/de\/produkt\/edelstahl-vollauszug-rollenfuehrung-fuer-hohe-belastung-bis-120-kg\/","og_locale":"de_DE","og_type":"article","og_title":"Edelstahl Vollauszug Rollenf\u00fchrung f\u00fcr hohe Belastung bis 120 KG - Avinom","og_description":"Edelstahl Vollauszug Rollenf\u00fchrung f\u00fcr hohe Belastung bis 120 KG","og_url":"https:\/\/www.avinom.nl\/de\/produkt\/edelstahl-vollauszug-rollenfuehrung-fuer-hohe-belastung-bis-120-kg\/","og_site_name":"Avinom","article_modified_time":"2023-05-08T11:07:21+00:00","og_image":[{"width":1080,"height":1080,"url":"https:\/\/www.avinom.nl\/wp-content\/uploads\/2021\/09\/LW007-1.jpg","type":"image\/jpeg"}],"twitter_card":"summary_large_image","twitter_misc":{"Gesch\u00e4tzte Lesezeit":"1\u00a0Minute"},"schema":{"@context":"https:\/\/schema.org","@graph":[{"@type":"WebPage","@id":"https:\/\/www.avinom.nl\/de\/produkt\/edelstahl-vollauszug-rollenfuehrung-fuer-hohe-belastung-bis-120-kg\/","url":"https:\/\/www.avinom.nl\/de\/produkt\/edelstahl-vollauszug-rollenfuehrung-fuer-hohe-belastung-bis-120-kg\/","name":"Edelstahl Vollauszug Rollenf\u00fchrung f\u00fcr hohe Belastung bis 120 KG - Avinom","isPartOf":{"@id":"https:\/\/www.avinom.nl\/de\/#website"},"primaryImageOfPage":{"@id":"https:\/\/www.avinom.nl\/de\/produkt\/edelstahl-vollauszug-rollenfuehrung-fuer-hohe-belastung-bis-120-kg\/#primaryimage"},"image":{"@id":"https:\/\/www.avinom.nl\/de\/produkt\/edelstahl-vollauszug-rollenfuehrung-fuer-hohe-belastung-bis-120-kg\/#primaryimage"},"thumbnailUrl":"https:\/\/www.avinom.nl\/wp-content\/uploads\/2021\/09\/LW007-1.jpg","datePublished":"2023-04-20T10:20:31+00:00","dateModified":"2023-05-08T11:07:21+00:00","breadcrumb":{"@id":"https:\/\/www.avinom.nl\/de\/produkt\/edelstahl-vollauszug-rollenfuehrung-fuer-hohe-belastung-bis-120-kg\/#breadcrumb"},"inLanguage":"de","potentialAction":[{"@type":"ReadAction","target":["https:\/\/www.avinom.nl\/de\/produkt\/edelstahl-vollauszug-rollenfuehrung-fuer-hohe-belastung-bis-120-kg\/"]}]},{"@type":"ImageObject","inLanguage":"de","@id":"https:\/\/www.avinom.nl\/de\/produkt\/edelstahl-vollauszug-rollenfuehrung-fuer-hohe-belastung-bis-120-kg\/#primaryimage","url":"https:\/\/www.avinom.nl\/wp-content\/uploads\/2021\/09\/LW007-1.jpg","contentUrl":"https:\/\/www.avinom.nl\/wp-content\/uploads\/2021\/09\/LW007-1.jpg","width":1080,"height":1080},{"@type":"BreadcrumbList","@id":"https:\/\/www.avinom.nl\/de\/produkt\/edelstahl-vollauszug-rollenfuehrung-fuer-hohe-belastung-bis-120-kg\/#breadcrumb","itemListElement":[{"@type":"ListItem","position":1,"name":"Home","item":"https:\/\/www.avinom.nl\/de\/"},{"@type":"ListItem","position":2,"name":"Shop","item":"https:\/\/www.avinom.nl\/de\/shop\/"},{"@type":"ListItem","position":3,"name":"Edelstahl Vollauszug Rollenf\u00fchrung f\u00fcr hohe Belastung bis 120 KG"}]},{"@type":"WebSite","@id":"https:\/\/www.avinom.nl\/de\/#website","url":"https:\/\/www.avinom.nl\/de\/","name":"Avinom","description":"","potentialAction":[{"@type":"SearchAction","target":{"@type":"EntryPoint","urlTemplate":"https:\/\/www.avinom.nl\/de\/?s={search_term_string}"},"query-input":{"@type":"PropertyValueSpecification","valueRequired":true,"valueName":"search_term_string"}}],"inLanguage":"de"}]}},"_links":{"self":[{"href":"https:\/\/www.avinom.nl\/de\/wp-json\/wp\/v2\/product\/227693","targetHints":{"allow":["GET"]}}],"collection":[{"href":"https:\/\/www.avinom.nl\/de\/wp-json\/wp\/v2\/product"}],"about":[{"href":"https:\/\/www.avinom.nl\/de\/wp-json\/wp\/v2\/types\/product"}],"wp:featuredmedia":[{"embeddable":true,"href":"https:\/\/www.avinom.nl\/de\/wp-json\/wp\/v2\/media\/15161"}],"wp:attachment":[{"href":"https:\/\/www.avinom.nl\/de\/wp-json\/wp\/v2\/media?parent=227693"}],"wp:term":[{"taxonomy":"product_brand","embeddable":true,"href":"https:\/\/www.avinom.nl\/de\/wp-json\/wp\/v2\/product_brand?post=227693"},{"taxonomy":"product_cat","embeddable":true,"href":"https:\/\/www.avinom.nl\/de\/wp-json\/wp\/v2\/product_cat?post=227693"},{"taxonomy":"product_tag","embeddable":true,"href":"https:\/\/www.avinom.nl\/de\/wp-json\/wp\/v2\/product_tag?post=227693"},{"taxonomy":"toepassingen","embeddable":true,"href":"https:\/\/www.avinom.nl\/de\/wp-json\/wp\/v2\/toepassingen?post=227693"}],"curies":[{"name":"wp","href":"https:\/\/api.w.org\/{rel}","templated":true}]}}