{"id":227789,"date":"2023-04-20T10:11:48","date_gmt":"2023-04-20T10:11:48","guid":{"rendered":"https:\/\/www.https:\/\/avinom.nl\/product\/deurbuffer-met-5mm-duvel\/"},"modified":"2023-05-08T11:05:07","modified_gmt":"2023-05-08T11:05:07","slug":"tuerschlagdaempfer-mit-5mm-zapfen","status":"publish","type":"product","link":"https:\/\/www.avinom.nl\/de\/produkt\/tuerschlagdaempfer-mit-5mm-zapfen\/","title":{"rendered":"T\u00fcrschlagd\u00e4mpfer mit 5mm Zapfen"},"content":{"rendered":"<p>T\u00fcrschlagd\u00e4mpfer mit 5mm Zapfen<\/p>\n","protected":false},"excerpt":{"rendered":"<p>T\u00fcrschlagd\u00e4mpfer mit 5mm Zapfen<\/p>\n","protected":false},"featured_media":15452,"template":"","meta":{"_acf_changed":false,"wds_primary_product_brand":0,"wds_primary_product_cat":0,"wds_primary_toepassingen":0},"product_brand":[],"product_cat":[4503,5130],"product_tag":[],"toepassingen":[4485,4487,4514,5462],"class_list":{"0":"post-227789","1":"product","2":"type-product","3":"status-publish","4":"has-post-thumbnail","6":"product_cat-verfeinerungen","7":"product_cat-puffer","8":"pa_boorafstand-39-de","9":"pa_boorafstand-40-de","10":"pa_materiaal-k08-schwarz-de","11":"pa_materiaal-k10-de","12":"pa_materiaal-k09-2-de","13":"toepassingen-industrieen-de","14":"toepassingen-interieurbouw-de","15":"toepassingen-slaapmeubelen-de","16":"toepassingen-keukens-en-de","18":"first","19":"instock","20":"shipping-taxable","21":"purchasable","22":"product-type-variable"},"acf":[],"yoast_head":"<!-- This site is optimized with the Yoast SEO plugin v27.2 - https:\/\/yoast.com\/product\/yoast-seo-wordpress\/ -->\n<title>T\u00fcrschlagd\u00e4mpfer mit 5mm Zapfen - Avinom<\/title>\n<meta name=\"robots\" content=\"index, follow, max-snippet:-1, max-image-preview:large, max-video-preview:-1\" \/>\n<link rel=\"canonical\" href=\"https:\/\/www.avinom.nl\/de\/produkt\/tuerschlagdaempfer-mit-5mm-zapfen\/\" \/>\n<meta property=\"og:locale\" content=\"de_DE\" \/>\n<meta property=\"og:type\" content=\"article\" \/>\n<meta property=\"og:title\" content=\"T\u00fcrschlagd\u00e4mpfer mit 5mm Zapfen - Avinom\" \/>\n<meta property=\"og:description\" content=\"T\u00fcrschlagd\u00e4mpfer mit 5mm Zapfen\" \/>\n<meta property=\"og:url\" content=\"https:\/\/www.avinom.nl\/de\/produkt\/tuerschlagdaempfer-mit-5mm-zapfen\/\" \/>\n<meta property=\"og:site_name\" content=\"Avinom\" \/>\n<meta property=\"article:modified_time\" content=\"2023-05-08T11:05:07+00:00\" \/>\n<meta property=\"og:image\" content=\"https:\/\/www.avinom.nl\/wp-content\/uploads\/2021\/09\/ND202.jpg\" \/>\n\t<meta property=\"og:image:width\" content=\"1080\" \/>\n\t<meta property=\"og:image:height\" content=\"1080\" \/>\n\t<meta property=\"og:image:type\" content=\"image\/jpeg\" \/>\n<meta name=\"twitter:card\" content=\"summary_large_image\" \/>\n<meta name=\"twitter:label1\" content=\"Gesch\u00e4tzte Lesezeit\" \/>\n\t<meta name=\"twitter:data1\" content=\"1\u00a0Minute\" \/>\n<script type=\"application\/ld+json\" class=\"yoast-schema-graph\">{\"@context\":\"https:\/\/schema.org\",\"@graph\":[{\"@type\":\"WebPage\",\"@id\":\"https:\/\/www.avinom.nl\/de\/produkt\/tuerschlagdaempfer-mit-5mm-zapfen\/\",\"url\":\"https:\/\/www.avinom.nl\/de\/produkt\/tuerschlagdaempfer-mit-5mm-zapfen\/\",\"name\":\"T\u00fcrschlagd\u00e4mpfer mit 5mm Zapfen - Avinom\",\"isPartOf\":{\"@id\":\"https:\/\/www.avinom.nl\/de\/#website\"},\"primaryImageOfPage\":{\"@id\":\"https:\/\/www.avinom.nl\/de\/produkt\/tuerschlagdaempfer-mit-5mm-zapfen\/#primaryimage\"},\"image\":{\"@id\":\"https:\/\/www.avinom.nl\/de\/produkt\/tuerschlagdaempfer-mit-5mm-zapfen\/#primaryimage\"},\"thumbnailUrl\":\"https:\/\/www.avinom.nl\/wp-content\/uploads\/2021\/09\/ND202.jpg\",\"datePublished\":\"2023-04-20T10:11:48+00:00\",\"dateModified\":\"2023-05-08T11:05:07+00:00\",\"breadcrumb\":{\"@id\":\"https:\/\/www.avinom.nl\/de\/produkt\/tuerschlagdaempfer-mit-5mm-zapfen\/#breadcrumb\"},\"inLanguage\":\"de\",\"potentialAction\":[{\"@type\":\"ReadAction\",\"target\":[\"https:\/\/www.avinom.nl\/de\/produkt\/tuerschlagdaempfer-mit-5mm-zapfen\/\"]}]},{\"@type\":\"ImageObject\",\"inLanguage\":\"de\",\"@id\":\"https:\/\/www.avinom.nl\/de\/produkt\/tuerschlagdaempfer-mit-5mm-zapfen\/#primaryimage\",\"url\":\"https:\/\/www.avinom.nl\/wp-content\/uploads\/2021\/09\/ND202.jpg\",\"contentUrl\":\"https:\/\/www.avinom.nl\/wp-content\/uploads\/2021\/09\/ND202.jpg\",\"width\":1080,\"height\":1080},{\"@type\":\"BreadcrumbList\",\"@id\":\"https:\/\/www.avinom.nl\/de\/produkt\/tuerschlagdaempfer-mit-5mm-zapfen\/#breadcrumb\",\"itemListElement\":[{\"@type\":\"ListItem\",\"position\":1,\"name\":\"Home\",\"item\":\"https:\/\/www.avinom.nl\/de\/\"},{\"@type\":\"ListItem\",\"position\":2,\"name\":\"Shop\",\"item\":\"https:\/\/www.avinom.nl\/de\/shop\/\"},{\"@type\":\"ListItem\",\"position\":3,\"name\":\"T\u00fcrschlagd\u00e4mpfer mit 5mm Zapfen\"}]},{\"@type\":\"WebSite\",\"@id\":\"https:\/\/www.avinom.nl\/de\/#website\",\"url\":\"https:\/\/www.avinom.nl\/de\/\",\"name\":\"Avinom\",\"description\":\"\",\"potentialAction\":[{\"@type\":\"SearchAction\",\"target\":{\"@type\":\"EntryPoint\",\"urlTemplate\":\"https:\/\/www.avinom.nl\/de\/?s={search_term_string}\"},\"query-input\":{\"@type\":\"PropertyValueSpecification\",\"valueRequired\":true,\"valueName\":\"search_term_string\"}}],\"inLanguage\":\"de\"}]}<\/script>\n<!-- \/ Yoast SEO plugin. -->","yoast_head_json":{"title":"T\u00fcrschlagd\u00e4mpfer mit 5mm Zapfen - Avinom","robots":{"index":"index","follow":"follow","max-snippet":"max-snippet:-1","max-image-preview":"max-image-preview:large","max-video-preview":"max-video-preview:-1"},"canonical":"https:\/\/www.avinom.nl\/de\/produkt\/tuerschlagdaempfer-mit-5mm-zapfen\/","og_locale":"de_DE","og_type":"article","og_title":"T\u00fcrschlagd\u00e4mpfer mit 5mm Zapfen - Avinom","og_description":"T\u00fcrschlagd\u00e4mpfer mit 5mm Zapfen","og_url":"https:\/\/www.avinom.nl\/de\/produkt\/tuerschlagdaempfer-mit-5mm-zapfen\/","og_site_name":"Avinom","article_modified_time":"2023-05-08T11:05:07+00:00","og_image":[{"width":1080,"height":1080,"url":"https:\/\/www.avinom.nl\/wp-content\/uploads\/2021\/09\/ND202.jpg","type":"image\/jpeg"}],"twitter_card":"summary_large_image","twitter_misc":{"Gesch\u00e4tzte Lesezeit":"1\u00a0Minute"},"schema":{"@context":"https:\/\/schema.org","@graph":[{"@type":"WebPage","@id":"https:\/\/www.avinom.nl\/de\/produkt\/tuerschlagdaempfer-mit-5mm-zapfen\/","url":"https:\/\/www.avinom.nl\/de\/produkt\/tuerschlagdaempfer-mit-5mm-zapfen\/","name":"T\u00fcrschlagd\u00e4mpfer mit 5mm Zapfen - Avinom","isPartOf":{"@id":"https:\/\/www.avinom.nl\/de\/#website"},"primaryImageOfPage":{"@id":"https:\/\/www.avinom.nl\/de\/produkt\/tuerschlagdaempfer-mit-5mm-zapfen\/#primaryimage"},"image":{"@id":"https:\/\/www.avinom.nl\/de\/produkt\/tuerschlagdaempfer-mit-5mm-zapfen\/#primaryimage"},"thumbnailUrl":"https:\/\/www.avinom.nl\/wp-content\/uploads\/2021\/09\/ND202.jpg","datePublished":"2023-04-20T10:11:48+00:00","dateModified":"2023-05-08T11:05:07+00:00","breadcrumb":{"@id":"https:\/\/www.avinom.nl\/de\/produkt\/tuerschlagdaempfer-mit-5mm-zapfen\/#breadcrumb"},"inLanguage":"de","potentialAction":[{"@type":"ReadAction","target":["https:\/\/www.avinom.nl\/de\/produkt\/tuerschlagdaempfer-mit-5mm-zapfen\/"]}]},{"@type":"ImageObject","inLanguage":"de","@id":"https:\/\/www.avinom.nl\/de\/produkt\/tuerschlagdaempfer-mit-5mm-zapfen\/#primaryimage","url":"https:\/\/www.avinom.nl\/wp-content\/uploads\/2021\/09\/ND202.jpg","contentUrl":"https:\/\/www.avinom.nl\/wp-content\/uploads\/2021\/09\/ND202.jpg","width":1080,"height":1080},{"@type":"BreadcrumbList","@id":"https:\/\/www.avinom.nl\/de\/produkt\/tuerschlagdaempfer-mit-5mm-zapfen\/#breadcrumb","itemListElement":[{"@type":"ListItem","position":1,"name":"Home","item":"https:\/\/www.avinom.nl\/de\/"},{"@type":"ListItem","position":2,"name":"Shop","item":"https:\/\/www.avinom.nl\/de\/shop\/"},{"@type":"ListItem","position":3,"name":"T\u00fcrschlagd\u00e4mpfer mit 5mm Zapfen"}]},{"@type":"WebSite","@id":"https:\/\/www.avinom.nl\/de\/#website","url":"https:\/\/www.avinom.nl\/de\/","name":"Avinom","description":"","potentialAction":[{"@type":"SearchAction","target":{"@type":"EntryPoint","urlTemplate":"https:\/\/www.avinom.nl\/de\/?s={search_term_string}"},"query-input":{"@type":"PropertyValueSpecification","valueRequired":true,"valueName":"search_term_string"}}],"inLanguage":"de"}]}},"_links":{"self":[{"href":"https:\/\/www.avinom.nl\/de\/wp-json\/wp\/v2\/product\/227789","targetHints":{"allow":["GET"]}}],"collection":[{"href":"https:\/\/www.avinom.nl\/de\/wp-json\/wp\/v2\/product"}],"about":[{"href":"https:\/\/www.avinom.nl\/de\/wp-json\/wp\/v2\/types\/product"}],"wp:featuredmedia":[{"embeddable":true,"href":"https:\/\/www.avinom.nl\/de\/wp-json\/wp\/v2\/media\/15452"}],"wp:attachment":[{"href":"https:\/\/www.avinom.nl\/de\/wp-json\/wp\/v2\/media?parent=227789"}],"wp:term":[{"taxonomy":"product_brand","embeddable":true,"href":"https:\/\/www.avinom.nl\/de\/wp-json\/wp\/v2\/product_brand?post=227789"},{"taxonomy":"product_cat","embeddable":true,"href":"https:\/\/www.avinom.nl\/de\/wp-json\/wp\/v2\/product_cat?post=227789"},{"taxonomy":"product_tag","embeddable":true,"href":"https:\/\/www.avinom.nl\/de\/wp-json\/wp\/v2\/product_tag?post=227789"},{"taxonomy":"toepassingen","embeddable":true,"href":"https:\/\/www.avinom.nl\/de\/wp-json\/wp\/v2\/toepassingen?post=227789"}],"curies":[{"name":"wp","href":"https:\/\/api.w.org\/{rel}","templated":true}]}}