{"id":227975,"date":"2023-04-20T09:16:52","date_gmt":"2023-04-20T09:16:52","guid":{"rendered":"https:\/\/www.https:\/\/avinom.nl\/product\/kastborstels-op-rol\/"},"modified":"2023-05-08T11:00:50","modified_gmt":"2023-05-08T11:00:50","slug":"schiebetuerschrank-buerstenprofil","status":"publish","type":"product","link":"https:\/\/www.avinom.nl\/de\/produkt\/schiebetuerschrank-buerstenprofil\/","title":{"rendered":"Schiebet\u00fcrschrank B\u00fcrstenprofil"},"content":{"rendered":"<p>Schiebet\u00fcrschrank B\u00fcrstenprofil<\/p>\n","protected":false},"excerpt":{"rendered":"<p>Schiebet\u00fcrschrank B\u00fcrstenprofil<\/p>\n","protected":false},"featured_media":15968,"template":"","meta":{"_acf_changed":false,"wds_primary_product_brand":0,"wds_primary_product_cat":0,"wds_primary_toepassingen":0},"product_brand":[],"product_cat":[5208,5205],"product_tag":[],"toepassingen":[4485,4487],"class_list":{"0":"post-227975","1":"product","2":"type-product","3":"status-publish","4":"has-post-thumbnail","6":"product_cat-garderobeinterieur-de","7":"product_cat-einrichtungssysteme","8":"pa_materiaal-k08-schwarz-de","9":"pa_materiaal-k07-de","10":"toepassingen-industrieen-de","11":"toepassingen-interieurbouw-de","13":"first","14":"instock","15":"shipping-taxable","16":"purchasable","17":"product-type-variable"},"acf":[],"yoast_head":"<!-- This site is optimized with the Yoast SEO plugin v27.2 - https:\/\/yoast.com\/product\/yoast-seo-wordpress\/ -->\n<title>Schiebet\u00fcrschrank B\u00fcrstenprofil - Avinom<\/title>\n<meta name=\"robots\" content=\"index, follow, max-snippet:-1, max-image-preview:large, max-video-preview:-1\" \/>\n<link rel=\"canonical\" href=\"https:\/\/www.avinom.nl\/de\/produkt\/schiebetuerschrank-buerstenprofil\/\" \/>\n<meta property=\"og:locale\" content=\"de_DE\" \/>\n<meta property=\"og:type\" content=\"article\" \/>\n<meta property=\"og:title\" content=\"Schiebet\u00fcrschrank B\u00fcrstenprofil - Avinom\" \/>\n<meta property=\"og:description\" content=\"Schiebet\u00fcrschrank B\u00fcrstenprofil\" \/>\n<meta property=\"og:url\" content=\"https:\/\/www.avinom.nl\/de\/produkt\/schiebetuerschrank-buerstenprofil\/\" \/>\n<meta property=\"og:site_name\" content=\"Avinom\" \/>\n<meta property=\"article:modified_time\" content=\"2023-05-08T11:00:50+00:00\" \/>\n<meta property=\"og:image\" content=\"https:\/\/www.avinom.nl\/wp-content\/uploads\/2021\/09\/PJ650.jpg\" \/>\n\t<meta property=\"og:image:width\" content=\"1080\" \/>\n\t<meta property=\"og:image:height\" content=\"1080\" \/>\n\t<meta property=\"og:image:type\" content=\"image\/jpeg\" \/>\n<meta name=\"twitter:card\" content=\"summary_large_image\" \/>\n<meta name=\"twitter:label1\" content=\"Gesch\u00e4tzte Lesezeit\" \/>\n\t<meta name=\"twitter:data1\" content=\"1\u00a0Minute\" \/>\n<script type=\"application\/ld+json\" class=\"yoast-schema-graph\">{\"@context\":\"https:\/\/schema.org\",\"@graph\":[{\"@type\":\"WebPage\",\"@id\":\"https:\/\/www.avinom.nl\/de\/produkt\/schiebetuerschrank-buerstenprofil\/\",\"url\":\"https:\/\/www.avinom.nl\/de\/produkt\/schiebetuerschrank-buerstenprofil\/\",\"name\":\"Schiebet\u00fcrschrank B\u00fcrstenprofil - Avinom\",\"isPartOf\":{\"@id\":\"https:\/\/www.avinom.nl\/de\/#website\"},\"primaryImageOfPage\":{\"@id\":\"https:\/\/www.avinom.nl\/de\/produkt\/schiebetuerschrank-buerstenprofil\/#primaryimage\"},\"image\":{\"@id\":\"https:\/\/www.avinom.nl\/de\/produkt\/schiebetuerschrank-buerstenprofil\/#primaryimage\"},\"thumbnailUrl\":\"https:\/\/www.avinom.nl\/wp-content\/uploads\/2021\/09\/PJ650.jpg\",\"datePublished\":\"2023-04-20T09:16:52+00:00\",\"dateModified\":\"2023-05-08T11:00:50+00:00\",\"breadcrumb\":{\"@id\":\"https:\/\/www.avinom.nl\/de\/produkt\/schiebetuerschrank-buerstenprofil\/#breadcrumb\"},\"inLanguage\":\"de\",\"potentialAction\":[{\"@type\":\"ReadAction\",\"target\":[\"https:\/\/www.avinom.nl\/de\/produkt\/schiebetuerschrank-buerstenprofil\/\"]}]},{\"@type\":\"ImageObject\",\"inLanguage\":\"de\",\"@id\":\"https:\/\/www.avinom.nl\/de\/produkt\/schiebetuerschrank-buerstenprofil\/#primaryimage\",\"url\":\"https:\/\/www.avinom.nl\/wp-content\/uploads\/2021\/09\/PJ650.jpg\",\"contentUrl\":\"https:\/\/www.avinom.nl\/wp-content\/uploads\/2021\/09\/PJ650.jpg\",\"width\":1080,\"height\":1080},{\"@type\":\"BreadcrumbList\",\"@id\":\"https:\/\/www.avinom.nl\/de\/produkt\/schiebetuerschrank-buerstenprofil\/#breadcrumb\",\"itemListElement\":[{\"@type\":\"ListItem\",\"position\":1,\"name\":\"Home\",\"item\":\"https:\/\/www.avinom.nl\/de\/\"},{\"@type\":\"ListItem\",\"position\":2,\"name\":\"Shop\",\"item\":\"https:\/\/www.avinom.nl\/de\/shop\/\"},{\"@type\":\"ListItem\",\"position\":3,\"name\":\"Schiebet\u00fcrschrank B\u00fcrstenprofil\"}]},{\"@type\":\"WebSite\",\"@id\":\"https:\/\/www.avinom.nl\/de\/#website\",\"url\":\"https:\/\/www.avinom.nl\/de\/\",\"name\":\"Avinom\",\"description\":\"\",\"potentialAction\":[{\"@type\":\"SearchAction\",\"target\":{\"@type\":\"EntryPoint\",\"urlTemplate\":\"https:\/\/www.avinom.nl\/de\/?s={search_term_string}\"},\"query-input\":{\"@type\":\"PropertyValueSpecification\",\"valueRequired\":true,\"valueName\":\"search_term_string\"}}],\"inLanguage\":\"de\"}]}<\/script>\n<!-- \/ Yoast SEO plugin. -->","yoast_head_json":{"title":"Schiebet\u00fcrschrank B\u00fcrstenprofil - Avinom","robots":{"index":"index","follow":"follow","max-snippet":"max-snippet:-1","max-image-preview":"max-image-preview:large","max-video-preview":"max-video-preview:-1"},"canonical":"https:\/\/www.avinom.nl\/de\/produkt\/schiebetuerschrank-buerstenprofil\/","og_locale":"de_DE","og_type":"article","og_title":"Schiebet\u00fcrschrank B\u00fcrstenprofil - Avinom","og_description":"Schiebet\u00fcrschrank B\u00fcrstenprofil","og_url":"https:\/\/www.avinom.nl\/de\/produkt\/schiebetuerschrank-buerstenprofil\/","og_site_name":"Avinom","article_modified_time":"2023-05-08T11:00:50+00:00","og_image":[{"width":1080,"height":1080,"url":"https:\/\/www.avinom.nl\/wp-content\/uploads\/2021\/09\/PJ650.jpg","type":"image\/jpeg"}],"twitter_card":"summary_large_image","twitter_misc":{"Gesch\u00e4tzte Lesezeit":"1\u00a0Minute"},"schema":{"@context":"https:\/\/schema.org","@graph":[{"@type":"WebPage","@id":"https:\/\/www.avinom.nl\/de\/produkt\/schiebetuerschrank-buerstenprofil\/","url":"https:\/\/www.avinom.nl\/de\/produkt\/schiebetuerschrank-buerstenprofil\/","name":"Schiebet\u00fcrschrank B\u00fcrstenprofil - Avinom","isPartOf":{"@id":"https:\/\/www.avinom.nl\/de\/#website"},"primaryImageOfPage":{"@id":"https:\/\/www.avinom.nl\/de\/produkt\/schiebetuerschrank-buerstenprofil\/#primaryimage"},"image":{"@id":"https:\/\/www.avinom.nl\/de\/produkt\/schiebetuerschrank-buerstenprofil\/#primaryimage"},"thumbnailUrl":"https:\/\/www.avinom.nl\/wp-content\/uploads\/2021\/09\/PJ650.jpg","datePublished":"2023-04-20T09:16:52+00:00","dateModified":"2023-05-08T11:00:50+00:00","breadcrumb":{"@id":"https:\/\/www.avinom.nl\/de\/produkt\/schiebetuerschrank-buerstenprofil\/#breadcrumb"},"inLanguage":"de","potentialAction":[{"@type":"ReadAction","target":["https:\/\/www.avinom.nl\/de\/produkt\/schiebetuerschrank-buerstenprofil\/"]}]},{"@type":"ImageObject","inLanguage":"de","@id":"https:\/\/www.avinom.nl\/de\/produkt\/schiebetuerschrank-buerstenprofil\/#primaryimage","url":"https:\/\/www.avinom.nl\/wp-content\/uploads\/2021\/09\/PJ650.jpg","contentUrl":"https:\/\/www.avinom.nl\/wp-content\/uploads\/2021\/09\/PJ650.jpg","width":1080,"height":1080},{"@type":"BreadcrumbList","@id":"https:\/\/www.avinom.nl\/de\/produkt\/schiebetuerschrank-buerstenprofil\/#breadcrumb","itemListElement":[{"@type":"ListItem","position":1,"name":"Home","item":"https:\/\/www.avinom.nl\/de\/"},{"@type":"ListItem","position":2,"name":"Shop","item":"https:\/\/www.avinom.nl\/de\/shop\/"},{"@type":"ListItem","position":3,"name":"Schiebet\u00fcrschrank B\u00fcrstenprofil"}]},{"@type":"WebSite","@id":"https:\/\/www.avinom.nl\/de\/#website","url":"https:\/\/www.avinom.nl\/de\/","name":"Avinom","description":"","potentialAction":[{"@type":"SearchAction","target":{"@type":"EntryPoint","urlTemplate":"https:\/\/www.avinom.nl\/de\/?s={search_term_string}"},"query-input":{"@type":"PropertyValueSpecification","valueRequired":true,"valueName":"search_term_string"}}],"inLanguage":"de"}]}},"_links":{"self":[{"href":"https:\/\/www.avinom.nl\/de\/wp-json\/wp\/v2\/product\/227975","targetHints":{"allow":["GET"]}}],"collection":[{"href":"https:\/\/www.avinom.nl\/de\/wp-json\/wp\/v2\/product"}],"about":[{"href":"https:\/\/www.avinom.nl\/de\/wp-json\/wp\/v2\/types\/product"}],"wp:featuredmedia":[{"embeddable":true,"href":"https:\/\/www.avinom.nl\/de\/wp-json\/wp\/v2\/media\/15968"}],"wp:attachment":[{"href":"https:\/\/www.avinom.nl\/de\/wp-json\/wp\/v2\/media?parent=227975"}],"wp:term":[{"taxonomy":"product_brand","embeddable":true,"href":"https:\/\/www.avinom.nl\/de\/wp-json\/wp\/v2\/product_brand?post=227975"},{"taxonomy":"product_cat","embeddable":true,"href":"https:\/\/www.avinom.nl\/de\/wp-json\/wp\/v2\/product_cat?post=227975"},{"taxonomy":"product_tag","embeddable":true,"href":"https:\/\/www.avinom.nl\/de\/wp-json\/wp\/v2\/product_tag?post=227975"},{"taxonomy":"toepassingen","embeddable":true,"href":"https:\/\/www.avinom.nl\/de\/wp-json\/wp\/v2\/toepassingen?post=227975"}],"curies":[{"name":"wp","href":"https:\/\/api.w.org\/{rel}","templated":true}]}}