{"id":228655,"date":"2023-04-19T13:30:18","date_gmt":"2023-04-19T13:30:18","guid":{"rendered":"https:\/\/www.https:\/\/avinom.nl\/product\/machinenagels-afwerknagels-golfkrammen\/"},"modified":"2023-05-08T10:43:28","modified_gmt":"2023-05-08T10:43:28","slug":"maschienennaegel-ziernaegel-wellennaegel","status":"publish","type":"product","link":"https:\/\/www.avinom.nl\/de\/produkt\/maschienennaegel-ziernaegel-wellennaegel\/","title":{"rendered":"Maschienenn\u00e4gel, Ziern\u00e4gel, Wellenn\u00e4gel"},"content":{"rendered":"<p>Maschienenn\u00e4gel, Ziern\u00e4gel, Wellenn\u00e4gel<\/p>\n","protected":false},"excerpt":{"rendered":"<p>Maschienenn\u00e4gel, Ziern\u00e4gel, Wellenn\u00e4gel<\/p>\n","protected":false},"featured_media":17888,"template":"","meta":{"_acf_changed":false,"wds_primary_product_brand":0,"wds_primary_product_cat":0,"wds_primary_toepassingen":0},"product_brand":[],"product_cat":[4431,4430],"product_tag":[],"toepassingen":[4487,4514,4515,5462,4485],"class_list":{"0":"post-228655","1":"product","2":"type-product","3":"status-publish","4":"has-post-thumbnail","6":"product_cat-montagematerialien","7":"product_cat-befestigungen","8":"pa_materiaal-f01-2-de","9":"pa_materiaal-f02-de","10":"pa_materiaal-r00-de","11":"toepassingen-interieurbouw-de","12":"toepassingen-slaapmeubelen-de","13":"toepassingen-zitmeubelen-de","14":"toepassingen-keukens-en-de","15":"toepassingen-industrieen-de","17":"first","18":"instock","19":"shipping-taxable","20":"purchasable","21":"product-type-variable"},"acf":[],"yoast_head":"<!-- This site is optimized with the Yoast SEO plugin v27.2 - https:\/\/yoast.com\/product\/yoast-seo-wordpress\/ -->\n<title>Maschienenn\u00e4gel, Ziern\u00e4gel, Wellenn\u00e4gel - Avinom<\/title>\n<meta name=\"robots\" content=\"index, follow, max-snippet:-1, max-image-preview:large, max-video-preview:-1\" \/>\n<link rel=\"canonical\" href=\"https:\/\/www.avinom.nl\/de\/produkt\/maschienennaegel-ziernaegel-wellennaegel\/\" \/>\n<meta property=\"og:locale\" content=\"de_DE\" \/>\n<meta property=\"og:type\" content=\"article\" \/>\n<meta property=\"og:title\" content=\"Maschienenn\u00e4gel, Ziern\u00e4gel, Wellenn\u00e4gel - Avinom\" \/>\n<meta property=\"og:description\" content=\"Maschienenn\u00e4gel, Ziern\u00e4gel, Wellenn\u00e4gel\" \/>\n<meta property=\"og:url\" content=\"https:\/\/www.avinom.nl\/de\/produkt\/maschienennaegel-ziernaegel-wellennaegel\/\" \/>\n<meta property=\"og:site_name\" content=\"Avinom\" \/>\n<meta property=\"article:modified_time\" content=\"2023-05-08T10:43:28+00:00\" \/>\n<meta property=\"og:image\" content=\"https:\/\/www.avinom.nl\/wp-content\/uploads\/2021\/09\/WV000-1.jpg\" \/>\n\t<meta property=\"og:image:width\" content=\"1080\" \/>\n\t<meta property=\"og:image:height\" content=\"1080\" \/>\n\t<meta property=\"og:image:type\" content=\"image\/jpeg\" \/>\n<meta name=\"twitter:card\" content=\"summary_large_image\" \/>\n<script type=\"application\/ld+json\" class=\"yoast-schema-graph\">{\"@context\":\"https:\/\/schema.org\",\"@graph\":[{\"@type\":\"WebPage\",\"@id\":\"https:\/\/www.avinom.nl\/de\/produkt\/maschienennaegel-ziernaegel-wellennaegel\/\",\"url\":\"https:\/\/www.avinom.nl\/de\/produkt\/maschienennaegel-ziernaegel-wellennaegel\/\",\"name\":\"Maschienenn\u00e4gel, Ziern\u00e4gel, Wellenn\u00e4gel - Avinom\",\"isPartOf\":{\"@id\":\"https:\/\/www.avinom.nl\/de\/#website\"},\"primaryImageOfPage\":{\"@id\":\"https:\/\/www.avinom.nl\/de\/produkt\/maschienennaegel-ziernaegel-wellennaegel\/#primaryimage\"},\"image\":{\"@id\":\"https:\/\/www.avinom.nl\/de\/produkt\/maschienennaegel-ziernaegel-wellennaegel\/#primaryimage\"},\"thumbnailUrl\":\"https:\/\/www.avinom.nl\/wp-content\/uploads\/2021\/09\/WV000-1.jpg\",\"datePublished\":\"2023-04-19T13:30:18+00:00\",\"dateModified\":\"2023-05-08T10:43:28+00:00\",\"breadcrumb\":{\"@id\":\"https:\/\/www.avinom.nl\/de\/produkt\/maschienennaegel-ziernaegel-wellennaegel\/#breadcrumb\"},\"inLanguage\":\"de\",\"potentialAction\":[{\"@type\":\"ReadAction\",\"target\":[\"https:\/\/www.avinom.nl\/de\/produkt\/maschienennaegel-ziernaegel-wellennaegel\/\"]}]},{\"@type\":\"ImageObject\",\"inLanguage\":\"de\",\"@id\":\"https:\/\/www.avinom.nl\/de\/produkt\/maschienennaegel-ziernaegel-wellennaegel\/#primaryimage\",\"url\":\"https:\/\/www.avinom.nl\/wp-content\/uploads\/2021\/09\/WV000-1.jpg\",\"contentUrl\":\"https:\/\/www.avinom.nl\/wp-content\/uploads\/2021\/09\/WV000-1.jpg\",\"width\":1080,\"height\":1080},{\"@type\":\"BreadcrumbList\",\"@id\":\"https:\/\/www.avinom.nl\/de\/produkt\/maschienennaegel-ziernaegel-wellennaegel\/#breadcrumb\",\"itemListElement\":[{\"@type\":\"ListItem\",\"position\":1,\"name\":\"Home\",\"item\":\"https:\/\/www.avinom.nl\/de\/\"},{\"@type\":\"ListItem\",\"position\":2,\"name\":\"Shop\",\"item\":\"https:\/\/www.avinom.nl\/de\/shop\/\"},{\"@type\":\"ListItem\",\"position\":3,\"name\":\"Maschienenn\u00e4gel, Ziern\u00e4gel, Wellenn\u00e4gel\"}]},{\"@type\":\"WebSite\",\"@id\":\"https:\/\/www.avinom.nl\/de\/#website\",\"url\":\"https:\/\/www.avinom.nl\/de\/\",\"name\":\"Avinom\",\"description\":\"\",\"potentialAction\":[{\"@type\":\"SearchAction\",\"target\":{\"@type\":\"EntryPoint\",\"urlTemplate\":\"https:\/\/www.avinom.nl\/de\/?s={search_term_string}\"},\"query-input\":{\"@type\":\"PropertyValueSpecification\",\"valueRequired\":true,\"valueName\":\"search_term_string\"}}],\"inLanguage\":\"de\"}]}<\/script>\n<!-- \/ Yoast SEO plugin. -->","yoast_head_json":{"title":"Maschienenn\u00e4gel, Ziern\u00e4gel, Wellenn\u00e4gel - Avinom","robots":{"index":"index","follow":"follow","max-snippet":"max-snippet:-1","max-image-preview":"max-image-preview:large","max-video-preview":"max-video-preview:-1"},"canonical":"https:\/\/www.avinom.nl\/de\/produkt\/maschienennaegel-ziernaegel-wellennaegel\/","og_locale":"de_DE","og_type":"article","og_title":"Maschienenn\u00e4gel, Ziern\u00e4gel, Wellenn\u00e4gel - Avinom","og_description":"Maschienenn\u00e4gel, Ziern\u00e4gel, Wellenn\u00e4gel","og_url":"https:\/\/www.avinom.nl\/de\/produkt\/maschienennaegel-ziernaegel-wellennaegel\/","og_site_name":"Avinom","article_modified_time":"2023-05-08T10:43:28+00:00","og_image":[{"width":1080,"height":1080,"url":"https:\/\/www.avinom.nl\/wp-content\/uploads\/2021\/09\/WV000-1.jpg","type":"image\/jpeg"}],"twitter_card":"summary_large_image","schema":{"@context":"https:\/\/schema.org","@graph":[{"@type":"WebPage","@id":"https:\/\/www.avinom.nl\/de\/produkt\/maschienennaegel-ziernaegel-wellennaegel\/","url":"https:\/\/www.avinom.nl\/de\/produkt\/maschienennaegel-ziernaegel-wellennaegel\/","name":"Maschienenn\u00e4gel, Ziern\u00e4gel, Wellenn\u00e4gel - Avinom","isPartOf":{"@id":"https:\/\/www.avinom.nl\/de\/#website"},"primaryImageOfPage":{"@id":"https:\/\/www.avinom.nl\/de\/produkt\/maschienennaegel-ziernaegel-wellennaegel\/#primaryimage"},"image":{"@id":"https:\/\/www.avinom.nl\/de\/produkt\/maschienennaegel-ziernaegel-wellennaegel\/#primaryimage"},"thumbnailUrl":"https:\/\/www.avinom.nl\/wp-content\/uploads\/2021\/09\/WV000-1.jpg","datePublished":"2023-04-19T13:30:18+00:00","dateModified":"2023-05-08T10:43:28+00:00","breadcrumb":{"@id":"https:\/\/www.avinom.nl\/de\/produkt\/maschienennaegel-ziernaegel-wellennaegel\/#breadcrumb"},"inLanguage":"de","potentialAction":[{"@type":"ReadAction","target":["https:\/\/www.avinom.nl\/de\/produkt\/maschienennaegel-ziernaegel-wellennaegel\/"]}]},{"@type":"ImageObject","inLanguage":"de","@id":"https:\/\/www.avinom.nl\/de\/produkt\/maschienennaegel-ziernaegel-wellennaegel\/#primaryimage","url":"https:\/\/www.avinom.nl\/wp-content\/uploads\/2021\/09\/WV000-1.jpg","contentUrl":"https:\/\/www.avinom.nl\/wp-content\/uploads\/2021\/09\/WV000-1.jpg","width":1080,"height":1080},{"@type":"BreadcrumbList","@id":"https:\/\/www.avinom.nl\/de\/produkt\/maschienennaegel-ziernaegel-wellennaegel\/#breadcrumb","itemListElement":[{"@type":"ListItem","position":1,"name":"Home","item":"https:\/\/www.avinom.nl\/de\/"},{"@type":"ListItem","position":2,"name":"Shop","item":"https:\/\/www.avinom.nl\/de\/shop\/"},{"@type":"ListItem","position":3,"name":"Maschienenn\u00e4gel, Ziern\u00e4gel, Wellenn\u00e4gel"}]},{"@type":"WebSite","@id":"https:\/\/www.avinom.nl\/de\/#website","url":"https:\/\/www.avinom.nl\/de\/","name":"Avinom","description":"","potentialAction":[{"@type":"SearchAction","target":{"@type":"EntryPoint","urlTemplate":"https:\/\/www.avinom.nl\/de\/?s={search_term_string}"},"query-input":{"@type":"PropertyValueSpecification","valueRequired":true,"valueName":"search_term_string"}}],"inLanguage":"de"}]}},"_links":{"self":[{"href":"https:\/\/www.avinom.nl\/de\/wp-json\/wp\/v2\/product\/228655","targetHints":{"allow":["GET"]}}],"collection":[{"href":"https:\/\/www.avinom.nl\/de\/wp-json\/wp\/v2\/product"}],"about":[{"href":"https:\/\/www.avinom.nl\/de\/wp-json\/wp\/v2\/types\/product"}],"wp:featuredmedia":[{"embeddable":true,"href":"https:\/\/www.avinom.nl\/de\/wp-json\/wp\/v2\/media\/17888"}],"wp:attachment":[{"href":"https:\/\/www.avinom.nl\/de\/wp-json\/wp\/v2\/media?parent=228655"}],"wp:term":[{"taxonomy":"product_brand","embeddable":true,"href":"https:\/\/www.avinom.nl\/de\/wp-json\/wp\/v2\/product_brand?post=228655"},{"taxonomy":"product_cat","embeddable":true,"href":"https:\/\/www.avinom.nl\/de\/wp-json\/wp\/v2\/product_cat?post=228655"},{"taxonomy":"product_tag","embeddable":true,"href":"https:\/\/www.avinom.nl\/de\/wp-json\/wp\/v2\/product_tag?post=228655"},{"taxonomy":"toepassingen","embeddable":true,"href":"https:\/\/www.avinom.nl\/de\/wp-json\/wp\/v2\/toepassingen?post=228655"}],"curies":[{"name":"wp","href":"https:\/\/api.w.org\/{rel}","templated":true}]}}