{"id":228681,"date":"2023-04-19T13:29:01","date_gmt":"2023-04-19T13:29:01","guid":{"rendered":"https:\/\/www.https:\/\/avinom.nl\/product\/meubelpoot-elco-small\/"},"modified":"2023-05-08T10:43:00","modified_gmt":"2023-05-08T10:43:00","slug":"moebelfuess-elco-small","status":"publish","type":"product","link":"https:\/\/www.avinom.nl\/de\/produkt\/moebelfuess-elco-small\/","title":{"rendered":"M\u00f6belf\u00fc\u00df Elco small"},"content":{"rendered":"<p>M\u00f6belf\u00fc\u00df Elco small<\/p>\n","protected":false},"excerpt":{"rendered":"<p>M\u00f6belf\u00fc\u00df Elco small<\/p>\n","protected":false},"featured_media":17960,"template":"","meta":{"_acf_changed":false,"wds_primary_product_brand":0,"wds_primary_product_cat":0,"wds_primary_toepassingen":0},"product_brand":[],"product_cat":[8490,4503],"product_tag":[],"toepassingen":[4485,4487,4514,4515],"class_list":{"0":"post-228681","1":"product","2":"type-product","3":"status-publish","4":"has-post-thumbnail","6":"product_cat-meubelvoeten-de","7":"product_cat-verfeinerungen","8":"pa_breedte-60-de","9":"pa_hoogte-150-de","10":"pa_hoogte-130-de","11":"pa_hoogte-170-de","12":"pa_hoogte-190-de","13":"pa_hoogte-135-de","14":"pa_materiaal-88-de","15":"pa_materiaal-81-de","16":"pa_materiaaldikte-10-de","17":"toepassingen-industrieen-de","18":"toepassingen-interieurbouw-de","19":"toepassingen-slaapmeubelen-de","20":"toepassingen-zitmeubelen-de","22":"first","23":"outofstock","24":"shipping-taxable","25":"purchasable","26":"product-type-variable"},"acf":[],"yoast_head":"<!-- This site is optimized with the Yoast SEO plugin v27.2 - https:\/\/yoast.com\/product\/yoast-seo-wordpress\/ -->\n<title>M\u00f6belf\u00fc\u00df Elco small - Avinom<\/title>\n<meta name=\"robots\" content=\"index, follow, max-snippet:-1, max-image-preview:large, max-video-preview:-1\" \/>\n<link rel=\"canonical\" href=\"https:\/\/www.avinom.nl\/de\/produkt\/moebelfuess-elco-small\/\" \/>\n<meta property=\"og:locale\" content=\"de_DE\" \/>\n<meta property=\"og:type\" content=\"article\" \/>\n<meta property=\"og:title\" content=\"M\u00f6belf\u00fc\u00df Elco small - Avinom\" \/>\n<meta property=\"og:description\" content=\"M\u00f6belf\u00fc\u00df Elco small\" \/>\n<meta property=\"og:url\" content=\"https:\/\/www.avinom.nl\/de\/produkt\/moebelfuess-elco-small\/\" \/>\n<meta property=\"og:site_name\" content=\"Avinom\" \/>\n<meta property=\"article:modified_time\" content=\"2023-05-08T10:43:00+00:00\" \/>\n<meta property=\"og:image\" content=\"https:\/\/www.avinom.nl\/wp-content\/uploads\/2021\/09\/XP158.jpg\" \/>\n\t<meta property=\"og:image:width\" content=\"1080\" \/>\n\t<meta property=\"og:image:height\" content=\"1080\" \/>\n\t<meta property=\"og:image:type\" content=\"image\/jpeg\" \/>\n<meta name=\"twitter:card\" content=\"summary_large_image\" \/>\n<script type=\"application\/ld+json\" class=\"yoast-schema-graph\">{\"@context\":\"https:\/\/schema.org\",\"@graph\":[{\"@type\":\"WebPage\",\"@id\":\"https:\/\/www.avinom.nl\/de\/produkt\/moebelfuess-elco-small\/\",\"url\":\"https:\/\/www.avinom.nl\/de\/produkt\/moebelfuess-elco-small\/\",\"name\":\"M\u00f6belf\u00fc\u00df Elco small - Avinom\",\"isPartOf\":{\"@id\":\"https:\/\/www.avinom.nl\/de\/#website\"},\"primaryImageOfPage\":{\"@id\":\"https:\/\/www.avinom.nl\/de\/produkt\/moebelfuess-elco-small\/#primaryimage\"},\"image\":{\"@id\":\"https:\/\/www.avinom.nl\/de\/produkt\/moebelfuess-elco-small\/#primaryimage\"},\"thumbnailUrl\":\"https:\/\/www.avinom.nl\/wp-content\/uploads\/2021\/09\/XP158.jpg\",\"datePublished\":\"2023-04-19T13:29:01+00:00\",\"dateModified\":\"2023-05-08T10:43:00+00:00\",\"breadcrumb\":{\"@id\":\"https:\/\/www.avinom.nl\/de\/produkt\/moebelfuess-elco-small\/#breadcrumb\"},\"inLanguage\":\"de\",\"potentialAction\":[{\"@type\":\"ReadAction\",\"target\":[\"https:\/\/www.avinom.nl\/de\/produkt\/moebelfuess-elco-small\/\"]}]},{\"@type\":\"ImageObject\",\"inLanguage\":\"de\",\"@id\":\"https:\/\/www.avinom.nl\/de\/produkt\/moebelfuess-elco-small\/#primaryimage\",\"url\":\"https:\/\/www.avinom.nl\/wp-content\/uploads\/2021\/09\/XP158.jpg\",\"contentUrl\":\"https:\/\/www.avinom.nl\/wp-content\/uploads\/2021\/09\/XP158.jpg\",\"width\":1080,\"height\":1080},{\"@type\":\"BreadcrumbList\",\"@id\":\"https:\/\/www.avinom.nl\/de\/produkt\/moebelfuess-elco-small\/#breadcrumb\",\"itemListElement\":[{\"@type\":\"ListItem\",\"position\":1,\"name\":\"Home\",\"item\":\"https:\/\/www.avinom.nl\/de\/\"},{\"@type\":\"ListItem\",\"position\":2,\"name\":\"Shop\",\"item\":\"https:\/\/www.avinom.nl\/de\/shop\/\"},{\"@type\":\"ListItem\",\"position\":3,\"name\":\"M\u00f6belf\u00fc\u00df Elco small\"}]},{\"@type\":\"WebSite\",\"@id\":\"https:\/\/www.avinom.nl\/de\/#website\",\"url\":\"https:\/\/www.avinom.nl\/de\/\",\"name\":\"Avinom\",\"description\":\"\",\"potentialAction\":[{\"@type\":\"SearchAction\",\"target\":{\"@type\":\"EntryPoint\",\"urlTemplate\":\"https:\/\/www.avinom.nl\/de\/?s={search_term_string}\"},\"query-input\":{\"@type\":\"PropertyValueSpecification\",\"valueRequired\":true,\"valueName\":\"search_term_string\"}}],\"inLanguage\":\"de\"}]}<\/script>\n<!-- \/ Yoast SEO plugin. -->","yoast_head_json":{"title":"M\u00f6belf\u00fc\u00df Elco small - Avinom","robots":{"index":"index","follow":"follow","max-snippet":"max-snippet:-1","max-image-preview":"max-image-preview:large","max-video-preview":"max-video-preview:-1"},"canonical":"https:\/\/www.avinom.nl\/de\/produkt\/moebelfuess-elco-small\/","og_locale":"de_DE","og_type":"article","og_title":"M\u00f6belf\u00fc\u00df Elco small - Avinom","og_description":"M\u00f6belf\u00fc\u00df Elco small","og_url":"https:\/\/www.avinom.nl\/de\/produkt\/moebelfuess-elco-small\/","og_site_name":"Avinom","article_modified_time":"2023-05-08T10:43:00+00:00","og_image":[{"width":1080,"height":1080,"url":"https:\/\/www.avinom.nl\/wp-content\/uploads\/2021\/09\/XP158.jpg","type":"image\/jpeg"}],"twitter_card":"summary_large_image","schema":{"@context":"https:\/\/schema.org","@graph":[{"@type":"WebPage","@id":"https:\/\/www.avinom.nl\/de\/produkt\/moebelfuess-elco-small\/","url":"https:\/\/www.avinom.nl\/de\/produkt\/moebelfuess-elco-small\/","name":"M\u00f6belf\u00fc\u00df Elco small - Avinom","isPartOf":{"@id":"https:\/\/www.avinom.nl\/de\/#website"},"primaryImageOfPage":{"@id":"https:\/\/www.avinom.nl\/de\/produkt\/moebelfuess-elco-small\/#primaryimage"},"image":{"@id":"https:\/\/www.avinom.nl\/de\/produkt\/moebelfuess-elco-small\/#primaryimage"},"thumbnailUrl":"https:\/\/www.avinom.nl\/wp-content\/uploads\/2021\/09\/XP158.jpg","datePublished":"2023-04-19T13:29:01+00:00","dateModified":"2023-05-08T10:43:00+00:00","breadcrumb":{"@id":"https:\/\/www.avinom.nl\/de\/produkt\/moebelfuess-elco-small\/#breadcrumb"},"inLanguage":"de","potentialAction":[{"@type":"ReadAction","target":["https:\/\/www.avinom.nl\/de\/produkt\/moebelfuess-elco-small\/"]}]},{"@type":"ImageObject","inLanguage":"de","@id":"https:\/\/www.avinom.nl\/de\/produkt\/moebelfuess-elco-small\/#primaryimage","url":"https:\/\/www.avinom.nl\/wp-content\/uploads\/2021\/09\/XP158.jpg","contentUrl":"https:\/\/www.avinom.nl\/wp-content\/uploads\/2021\/09\/XP158.jpg","width":1080,"height":1080},{"@type":"BreadcrumbList","@id":"https:\/\/www.avinom.nl\/de\/produkt\/moebelfuess-elco-small\/#breadcrumb","itemListElement":[{"@type":"ListItem","position":1,"name":"Home","item":"https:\/\/www.avinom.nl\/de\/"},{"@type":"ListItem","position":2,"name":"Shop","item":"https:\/\/www.avinom.nl\/de\/shop\/"},{"@type":"ListItem","position":3,"name":"M\u00f6belf\u00fc\u00df Elco small"}]},{"@type":"WebSite","@id":"https:\/\/www.avinom.nl\/de\/#website","url":"https:\/\/www.avinom.nl\/de\/","name":"Avinom","description":"","potentialAction":[{"@type":"SearchAction","target":{"@type":"EntryPoint","urlTemplate":"https:\/\/www.avinom.nl\/de\/?s={search_term_string}"},"query-input":{"@type":"PropertyValueSpecification","valueRequired":true,"valueName":"search_term_string"}}],"inLanguage":"de"}]}},"_links":{"self":[{"href":"https:\/\/www.avinom.nl\/de\/wp-json\/wp\/v2\/product\/228681","targetHints":{"allow":["GET"]}}],"collection":[{"href":"https:\/\/www.avinom.nl\/de\/wp-json\/wp\/v2\/product"}],"about":[{"href":"https:\/\/www.avinom.nl\/de\/wp-json\/wp\/v2\/types\/product"}],"wp:featuredmedia":[{"embeddable":true,"href":"https:\/\/www.avinom.nl\/de\/wp-json\/wp\/v2\/media\/17960"}],"wp:attachment":[{"href":"https:\/\/www.avinom.nl\/de\/wp-json\/wp\/v2\/media?parent=228681"}],"wp:term":[{"taxonomy":"product_brand","embeddable":true,"href":"https:\/\/www.avinom.nl\/de\/wp-json\/wp\/v2\/product_brand?post=228681"},{"taxonomy":"product_cat","embeddable":true,"href":"https:\/\/www.avinom.nl\/de\/wp-json\/wp\/v2\/product_cat?post=228681"},{"taxonomy":"product_tag","embeddable":true,"href":"https:\/\/www.avinom.nl\/de\/wp-json\/wp\/v2\/product_tag?post=228681"},{"taxonomy":"toepassingen","embeddable":true,"href":"https:\/\/www.avinom.nl\/de\/wp-json\/wp\/v2\/toepassingen?post=228681"}],"curies":[{"name":"wp","href":"https:\/\/api.w.org\/{rel}","templated":true}]}}